{"id":6412,"date":"2024-06-20T09:16:12","date_gmt":"2024-06-20T09:16:12","guid":{"rendered":"https:\/\/quatrocravos.com\/?page_id=6412"},"modified":"2024-06-20T10:31:22","modified_gmt":"2024-06-20T10:31:22","slug":"politica-sgsa","status":"publish","type":"page","link":"https:\/\/quatrocravos.com\/en\/politica-sgsa\/","title":{"rendered":"FSMS Policy"},"content":{"rendered":"<div data-elementor-type=\"wp-page\" data-elementor-id=\"6412\" class=\"elementor elementor-6412\">\n\t\t\t\t\t\t<section class=\"elementor-section elementor-top-section elementor-element elementor-element-481966a elementor-section-boxed elementor-section-height-default elementor-section-height-default\" data-id=\"481966a\" data-element_type=\"section\">\n\t\t\t\t\t\t<div class=\"elementor-container elementor-column-gap-default\">\n\t\t\t\t\t<div class=\"elementor-column elementor-col-100 elementor-top-column elementor-element elementor-element-6c3fbb0\" data-id=\"6c3fbb0\" data-element_type=\"column\">\n\t\t\t<div class=\"elementor-widget-wrap elementor-element-populated\">\n\t\t\t\t\t\t<div class=\"elementor-element elementor-element-102c5f3 elementor-widget elementor-widget-text-editor\" data-id=\"102c5f3\" data-element_type=\"widget\" data-widget_type=\"text-editor.default\">\n\t\t\t\t<div class=\"elementor-widget-container\">\n\t\t\t\t\t\t\t<p><strong>QUALITY AND FOOD SAFETY MANAGEMENT SYSTEM POLICY<\/strong><\/p><p>\u00a0<\/p><p>The Quality and Food Safety Policy consists of carrying out all its activities with dedication to the quality and food safety of the product. Its priority is to promote a food safety culture that is integrated into all processes.<\/p><p>\u00a0The organisation has adopted a set of process management principles in order to achieve its objectives.<\/p><ul><li>Focus on the customer - promoting the fulfilment of their needs and expectations by continuously improving the quality of the products and services provided;<\/li><li>Satisfaction of all stakeholders (employees, customers and suppliers);<\/li><li>Continuous improvement and innovation of products so that they are a benchmark in the market;<\/li><li>To ensure that our products are innocuous and free from toxicity, we commit ourselves to identifying, evaluating and controlling the dangers and risks related to Food Safety (FS) in accordance with the requirements stipulated by the H.A.C.C.P. methodology;<\/li><li>Commitment to continuous improvement of the FSMS, in accordance with ISO 22000;<\/li><li>Compliance with all applicable FS requirements, statutory and regulatory, and others to which the company subscribes applicable to the sector of activity;<\/li><li>Ensure proper communication in the food chain;<\/li><li>Promoting the continuous development of employees by providing them with the necessary training, resources and responsibilities to carry out their duties in accordance with the FSMS.\"<\/li><\/ul>\t\t\t\t\t\t<\/div>\n\t\t\t\t<\/div>\n\t\t\t\t\t<\/div>\n\t\t<\/div>\n\t\t\t\t\t<\/div>\n\t\t<\/section>\n\t\t\t\t<\/div>","protected":false},"excerpt":{"rendered":"POL\u00cdTICA DE SISTEMA DE GEST\u00c3O DA QUALIDADE E SEGURAN\u00c7A ALIMENTAR A Pol\u00edtica da Qualidade e Seguran\u00e7a Alimentar, consiste em realizar todas as suas atividades com dedica\u00e7\u00e3o \u00e0 qualidade e seguran\u00e7a alimentar do produto. Tem como prioridade promover uma cultura de seguran\u00e7a alimentar integrada em todos os processos. A organiza\u00e7\u00e3o adotou um conjunto de princ\u00edpios de [...]","protected":false},"author":990004,"featured_media":0,"parent":0,"menu_order":0,"comment_status":"closed","ping_status":"closed","template":"","meta":{"footnotes":""},"_links":{"self":[{"href":"https:\/\/quatrocravos.com\/en\/wp-json\/wp\/v2\/pages\/6412"}],"collection":[{"href":"https:\/\/quatrocravos.com\/en\/wp-json\/wp\/v2\/pages"}],"about":[{"href":"https:\/\/quatrocravos.com\/en\/wp-json\/wp\/v2\/types\/page"}],"author":[{"embeddable":true,"href":"https:\/\/quatrocravos.com\/en\/wp-json\/wp\/v2\/users\/990004"}],"replies":[{"embeddable":true,"href":"https:\/\/quatrocravos.com\/en\/wp-json\/wp\/v2\/comments?post=6412"}],"version-history":[{"count":9,"href":"https:\/\/quatrocravos.com\/en\/wp-json\/wp\/v2\/pages\/6412\/revisions"}],"predecessor-version":[{"id":6424,"href":"https:\/\/quatrocravos.com\/en\/wp-json\/wp\/v2\/pages\/6412\/revisions\/6424"}],"wp:attachment":[{"href":"https:\/\/quatrocravos.com\/en\/wp-json\/wp\/v2\/media?parent=6412"}],"curies":[{"name":"wp","href":"https:\/\/api.w.org\/{rel}","templated":true}]}}