{"id":3931,"date":"2022-06-29T09:22:21","date_gmt":"2022-06-29T09:22:21","guid":{"rendered":"https:\/\/positivewine.com\/?page_id=3931"},"modified":"2024-02-06T14:49:00","modified_gmt":"2024-02-06T14:49:00","slug":"positivewine-2","status":"publish","type":"page","link":"https:\/\/quatrocravos.com\/en\/positivewine-2\/","title":{"rendered":"Positivewine"},"content":{"rendered":"<div data-elementor-type=\"wp-page\" data-elementor-id=\"3931\" class=\"elementor elementor-3931\">\n\t\t\t\t\t\t<section class=\"elementor-section elementor-top-section elementor-element elementor-element-84b2d7f elementor-section-boxed elementor-section-height-default elementor-section-height-default\" data-id=\"84b2d7f\" data-element_type=\"section\" data-settings=\"{&quot;background_background&quot;:&quot;classic&quot;}\">\n\t\t\t\t\t\t\t<div class=\"elementor-background-overlay\"><\/div>\n\t\t\t\t\t\t\t<div class=\"elementor-container elementor-column-gap-default\">\n\t\t\t\t\t<div class=\"elementor-column elementor-col-100 elementor-top-column elementor-element elementor-element-148bc6d1\" data-id=\"148bc6d1\" data-element_type=\"column\">\n\t\t\t<div class=\"elementor-widget-wrap elementor-element-populated\">\n\t\t\t\t\t\t<div class=\"elementor-element elementor-element-5f4be81b elementor-widget elementor-widget-spacer\" data-id=\"5f4be81b\" data-element_type=\"widget\" data-widget_type=\"spacer.default\">\n\t\t\t\t<div class=\"elementor-widget-container\">\n\t\t\t\t\t<div class=\"elementor-spacer\">\n\t\t\t<div class=\"elementor-spacer-inner\"><\/div>\n\t\t<\/div>\n\t\t\t\t<\/div>\n\t\t\t\t<\/div>\n\t\t\t\t<div class=\"elementor-element elementor-element-6e114d7 elementor-widget elementor-widget-image\" data-id=\"6e114d7\" data-element_type=\"widget\" data-widget_type=\"image.default\">\n\t\t\t\t<div class=\"elementor-widget-container\">\n\t\t\t\t\t\t\t\t\t\t\t\t\t<img fetchpriority=\"high\" decoding=\"async\" width=\"1024\" height=\"213\" src=\"https:\/\/quatrocravos.com\/wp-content\/uploads\/2020\/06\/logo-positivewine-1024x213.png\" class=\"attachment-large size-large wp-image-824\" alt=\"\" srcset=\"https:\/\/quatrocravos.com\/wp-content\/uploads\/2020\/06\/logo-positivewine-1024x213.png 1024w, https:\/\/quatrocravos.com\/wp-content\/uploads\/2020\/06\/logo-positivewine-300x63.png 300w, https:\/\/quatrocravos.com\/wp-content\/uploads\/2020\/06\/logo-positivewine-768x160.png 768w, https:\/\/quatrocravos.com\/wp-content\/uploads\/2020\/06\/logo-positivewine-18x4.png 18w, https:\/\/quatrocravos.com\/wp-content\/uploads\/2020\/06\/logo-positivewine-940x196.png 940w, https:\/\/quatrocravos.com\/wp-content\/uploads\/2020\/06\/logo-positivewine.png 1190w\" sizes=\"(max-width: 1024px) 100vw, 1024px\" \/>\t\t\t\t\t\t\t\t\t\t\t\t\t<\/div>\n\t\t\t\t<\/div>\n\t\t\t\t<div class=\"elementor-element elementor-element-ff56f8d elementor-widget elementor-widget-spacer\" data-id=\"ff56f8d\" data-element_type=\"widget\" data-widget_type=\"spacer.default\">\n\t\t\t\t<div class=\"elementor-widget-container\">\n\t\t\t\t\t<div class=\"elementor-spacer\">\n\t\t\t<div class=\"elementor-spacer-inner\"><\/div>\n\t\t<\/div>\n\t\t\t\t<\/div>\n\t\t\t\t<\/div>\n\t\t\t\t\t<\/div>\n\t\t<\/div>\n\t\t\t\t\t<\/div>\n\t\t<\/section>\n\t\t\t\t<section class=\"elementor-section elementor-top-section elementor-element elementor-element-413eff0a elementor-section-content-middle elementor-section-boxed elementor-section-height-default elementor-section-height-default\" data-id=\"413eff0a\" data-element_type=\"section\" data-settings=\"{&quot;background_background&quot;:&quot;classic&quot;}\">\n\t\t\t\t\t\t<div class=\"elementor-container elementor-column-gap-default\">\n\t\t\t\t\t<div class=\"elementor-column elementor-col-100 elementor-top-column elementor-element elementor-element-7b7c88bd\" data-id=\"7b7c88bd\" data-element_type=\"column\">\n\t\t\t<div class=\"elementor-widget-wrap elementor-element-populated\">\n\t\t\t\t\t\t<div class=\"elementor-element elementor-element-6f7364d elementor-widget elementor-widget-image\" data-id=\"6f7364d\" data-element_type=\"widget\" data-widget_type=\"image.default\">\n\t\t\t\t<div class=\"elementor-widget-container\">\n\t\t\t\t\t\t\t\t\t\t\t\t\t\t<a href=\"https:\/\/adegacravo.pt\/\/adegacravo.pt\/\/positivewine.com\/wp-content\/uploads\/2020\/06\/logo-positivewine.png\" data-elementor-open-lightbox=\"yes\" data-elementor-lightbox-title=\"logo-positivewine\" data-e-action-hash=\"#elementor-action%3Aaction%3Dlightbox%26settings%3DeyJpZCI6ODI0LCJ1cmwiOiJodHRwczpcL1wvcXVhdHJvY3Jhdm9zLmNvbVwvd3AtY29udGVudFwvdXBsb2Fkc1wvMjAyMFwvMDZcL2xvZ28tcG9zaXRpdmV3aW5lLnBuZyJ9\">\n\t\t\t\t\t\t\t<img decoding=\"async\" width=\"300\" height=\"63\" src=\"https:\/\/quatrocravos.com\/wp-content\/uploads\/2020\/06\/logo-positivewine-300x63.png\" class=\"attachment-medium size-medium wp-image-824\" alt=\"\" srcset=\"https:\/\/quatrocravos.com\/wp-content\/uploads\/2020\/06\/logo-positivewine-300x63.png 300w, https:\/\/quatrocravos.com\/wp-content\/uploads\/2020\/06\/logo-positivewine-1024x213.png 1024w, https:\/\/quatrocravos.com\/wp-content\/uploads\/2020\/06\/logo-positivewine-768x160.png 768w, https:\/\/quatrocravos.com\/wp-content\/uploads\/2020\/06\/logo-positivewine-18x4.png 18w, https:\/\/quatrocravos.com\/wp-content\/uploads\/2020\/06\/logo-positivewine-940x196.png 940w, https:\/\/quatrocravos.com\/wp-content\/uploads\/2020\/06\/logo-positivewine.png 1190w\" sizes=\"(max-width: 300px) 100vw, 300px\" \/>\t\t\t\t\t\t\t\t<\/a>\n\t\t\t\t\t\t\t\t\t\t\t\t\t<\/div>\n\t\t\t\t<\/div>\n\t\t\t\t<div class=\"elementor-element elementor-element-7ece0df elementor-widget elementor-widget-text-editor\" data-id=\"7ece0df\" data-element_type=\"widget\" data-widget_type=\"text-editor.default\">\n\t\t\t\t<div class=\"elementor-widget-container\">\n\t\t\t\t\t\t\t<p>A empresa PositiveWine nasceu em Novembro de 2013, da vontade dos en\u00f3logos Nuno Bastos e Lu\u00eds Santos em trabalhar os espumantes de maneira inovadora, em rutura com os processos<\/p><p>tradicionais de produ\u00e7\u00e3o, embalagem e comercializa\u00e7\u00e3o dos vinhos efervescentes.<\/p><p>The impetus of youth, combined with irreverence in a sector characterised by its conservative nature, did not bring the success imagined for the new concept of sparkling wine packaged in 200 ml cans. Time has shown that the project was thought ahead of its time, before the market successfully accepted it.<\/p>\t\t\t\t\t\t<\/div>\n\t\t\t\t<\/div>\n\t\t\t\t\t<\/div>\n\t\t<\/div>\n\t\t\t\t\t<\/div>\n\t\t<\/section>\n\t\t\t\t<section class=\"elementor-section elementor-top-section elementor-element elementor-element-b6e229f elementor-section-boxed elementor-section-height-default elementor-section-height-default\" data-id=\"b6e229f\" data-element_type=\"section\" data-settings=\"{&quot;background_background&quot;:&quot;classic&quot;}\">\n\t\t\t\t\t\t<div class=\"elementor-container elementor-column-gap-default\">\n\t\t\t\t\t<div class=\"elementor-column elementor-col-25 elementor-top-column elementor-element elementor-element-2e56c99\" data-id=\"2e56c99\" data-element_type=\"column\">\n\t\t\t<div class=\"elementor-widget-wrap elementor-element-populated\">\n\t\t\t\t\t\t<div class=\"elementor-element elementor-element-9924700 elementor-widget elementor-widget-image\" data-id=\"9924700\" data-element_type=\"widget\" data-widget_type=\"image.default\">\n\t\t\t\t<div class=\"elementor-widget-container\">\n\t\t\t\t\t\t\t\t\t\t\t\t\t\t<a href=\"https:\/\/quatrocravos.com\/en\/flutt-bruto-branco\/\">\n\t\t\t\t\t\t\t<img decoding=\"async\" width=\"196\" height=\"673\" src=\"https:\/\/quatrocravos.com\/wp-content\/uploads\/2020\/11\/flut-branco.jpg\" class=\"attachment-large size-large wp-image-2109\" alt=\"\" srcset=\"https:\/\/quatrocravos.com\/wp-content\/uploads\/2020\/11\/flut-branco.jpg 196w, https:\/\/quatrocravos.com\/wp-content\/uploads\/2020\/11\/flut-branco-87x300.jpg 87w\" sizes=\"(max-width: 196px) 100vw, 196px\" \/>\t\t\t\t\t\t\t\t<\/a>\n\t\t\t\t\t\t\t\t\t\t\t\t\t<\/div>\n\t\t\t\t<\/div>\n\t\t\t\t<div class=\"elementor-element elementor-element-a211103 elementor-widget elementor-widget-heading\" data-id=\"a211103\" data-element_type=\"widget\" data-widget_type=\"heading.default\">\n\t\t\t\t<div class=\"elementor-widget-container\">\n\t\t\t<h2 class=\"elementor-heading-title elementor-size-default\"><a href=\"http:\/\/positivewine.com\/flutt-bruto-branco\/\">FLUTT White Brut<\/a><\/h2>\t\t<\/div>\n\t\t\t\t<\/div>\n\t\t\t\t\t<\/div>\n\t\t<\/div>\n\t\t\t\t<div class=\"elementor-column elementor-col-25 elementor-top-column elementor-element elementor-element-b5fe913\" data-id=\"b5fe913\" data-element_type=\"column\">\n\t\t\t<div class=\"elementor-widget-wrap elementor-element-populated\">\n\t\t\t\t\t\t<div class=\"elementor-element elementor-element-1cb0041 elementor-widget elementor-widget-image\" data-id=\"1cb0041\" data-element_type=\"widget\" data-widget_type=\"image.default\">\n\t\t\t\t<div class=\"elementor-widget-container\">\n\t\t\t\t\t\t\t\t\t\t\t\t\t\t<a href=\"https:\/\/quatrocravos.com\/en\/flutt-blanc-de-noir\/\">\n\t\t\t\t\t\t\t<img loading=\"lazy\" decoding=\"async\" width=\"196\" height=\"673\" src=\"https:\/\/quatrocravos.com\/wp-content\/uploads\/2021\/02\/fotoexertofluut.jpg\" class=\"attachment-large size-large wp-image-2745\" alt=\"\" srcset=\"https:\/\/quatrocravos.com\/wp-content\/uploads\/2021\/02\/fotoexertofluut.jpg 196w, https:\/\/quatrocravos.com\/wp-content\/uploads\/2021\/02\/fotoexertofluut-87x300.jpg 87w\" sizes=\"(max-width: 196px) 100vw, 196px\" \/>\t\t\t\t\t\t\t\t<\/a>\n\t\t\t\t\t\t\t\t\t\t\t\t\t<\/div>\n\t\t\t\t<\/div>\n\t\t\t\t<div class=\"elementor-element elementor-element-60f27f9 elementor-widget elementor-widget-heading\" data-id=\"60f27f9\" data-element_type=\"widget\" data-widget_type=\"heading.default\">\n\t\t\t\t<div class=\"elementor-widget-container\">\n\t\t\t<h2 class=\"elementor-heading-title elementor-size-default\"><a href=\"http:\/\/positivewine.com\/flutt-blanc-de-noir\/\">FLUTT BLANC DE NOIR BRUT<\/a><\/h2>\t\t<\/div>\n\t\t\t\t<\/div>\n\t\t\t\t\t<\/div>\n\t\t<\/div>\n\t\t\t\t<div class=\"elementor-column elementor-col-25 elementor-top-column elementor-element elementor-element-aa13d5a\" data-id=\"aa13d5a\" data-element_type=\"column\">\n\t\t\t<div class=\"elementor-widget-wrap elementor-element-populated\">\n\t\t\t\t\t\t<div class=\"elementor-element elementor-element-91f742b elementor-widget elementor-widget-image\" data-id=\"91f742b\" data-element_type=\"widget\" data-widget_type=\"image.default\">\n\t\t\t\t<div class=\"elementor-widget-container\">\n\t\t\t\t\t\t\t\t\t\t\t\t\t\t<a href=\"https:\/\/quatrocravos.com\/en\/flutt-baga-rose\/\">\n\t\t\t\t\t\t\t<img loading=\"lazy\" decoding=\"async\" width=\"196\" height=\"673\" src=\"https:\/\/quatrocravos.com\/wp-content\/uploads\/2020\/11\/2-1.jpg\" class=\"attachment-large size-large wp-image-2132\" alt=\"\" srcset=\"https:\/\/quatrocravos.com\/wp-content\/uploads\/2020\/11\/2-1.jpg 196w, https:\/\/quatrocravos.com\/wp-content\/uploads\/2020\/11\/2-1-87x300.jpg 87w\" sizes=\"(max-width: 196px) 100vw, 196px\" \/>\t\t\t\t\t\t\t\t<\/a>\n\t\t\t\t\t\t\t\t\t\t\t\t\t<\/div>\n\t\t\t\t<\/div>\n\t\t\t\t<div class=\"elementor-element elementor-element-01fb0c7 elementor-widget elementor-widget-heading\" data-id=\"01fb0c7\" data-element_type=\"widget\" data-widget_type=\"heading.default\">\n\t\t\t\t<div class=\"elementor-widget-container\">\n\t\t\t<h2 class=\"elementor-heading-title elementor-size-default\"><a href=\"http:\/\/positivewine.com\/flutt-baga-rose\/\">FLUTT BAGA ROSE BRUT<\/a><\/h2>\t\t<\/div>\n\t\t\t\t<\/div>\n\t\t\t\t\t<\/div>\n\t\t<\/div>\n\t\t\t\t<div class=\"elementor-column elementor-col-25 elementor-top-column elementor-element elementor-element-0d001d3\" data-id=\"0d001d3\" data-element_type=\"column\">\n\t\t\t<div class=\"elementor-widget-wrap elementor-element-populated\">\n\t\t\t\t\t\t<div class=\"elementor-element elementor-element-84a2f41 elementor-widget elementor-widget-image\" data-id=\"84a2f41\" data-element_type=\"widget\" data-widget_type=\"image.default\">\n\t\t\t\t<div class=\"elementor-widget-container\">\n\t\t\t\t\t\t\t\t\t\t\t\t\t\t<a href=\"https:\/\/quatrocravos.com\/en\/vivo-sangria\/\">\n\t\t\t\t\t\t\t<img loading=\"lazy\" decoding=\"async\" width=\"683\" height=\"1024\" src=\"https:\/\/quatrocravos.com\/wp-content\/uploads\/2022\/07\/ViVO_Sangria-683x1024.png\" class=\"attachment-large size-large wp-image-4027\" alt=\"\" srcset=\"https:\/\/quatrocravos.com\/wp-content\/uploads\/2022\/07\/ViVO_Sangria-683x1024.png 683w, https:\/\/quatrocravos.com\/wp-content\/uploads\/2022\/07\/ViVO_Sangria-200x300.png 200w, https:\/\/quatrocravos.com\/wp-content\/uploads\/2022\/07\/ViVO_Sangria-768x1152.png 768w, https:\/\/quatrocravos.com\/wp-content\/uploads\/2022\/07\/ViVO_Sangria-8x12.png 8w, https:\/\/quatrocravos.com\/wp-content\/uploads\/2022\/07\/ViVO_Sangria.png 1000w\" sizes=\"(max-width: 683px) 100vw, 683px\" \/>\t\t\t\t\t\t\t\t<\/a>\n\t\t\t\t\t\t\t\t\t\t\t\t\t<\/div>\n\t\t\t\t<\/div>\n\t\t\t\t<div class=\"elementor-element elementor-element-11f4cd5 elementor-widget elementor-widget-heading\" data-id=\"11f4cd5\" data-element_type=\"widget\" data-widget_type=\"heading.default\">\n\t\t\t\t<div class=\"elementor-widget-container\">\n\t\t\t<h2 class=\"elementor-heading-title elementor-size-default\"><a href=\"\/en\/vivo-lata\/\">VIVO SANGRIA<\/a><\/h2>\t\t<\/div>\n\t\t\t\t<\/div>\n\t\t\t\t\t<\/div>\n\t\t<\/div>\n\t\t\t\t\t<\/div>\n\t\t<\/section>\n\t\t\t\t<section class=\"elementor-section elementor-top-section elementor-element elementor-element-ced1e07 elementor-section-boxed elementor-section-height-default elementor-section-height-default\" data-id=\"ced1e07\" data-element_type=\"section\" data-settings=\"{&quot;background_background&quot;:&quot;classic&quot;}\">\n\t\t\t\t\t\t<div class=\"elementor-container elementor-column-gap-default\">\n\t\t\t\t\t<div class=\"elementor-column elementor-col-25 elementor-top-column elementor-element elementor-element-e55edba\" data-id=\"e55edba\" data-element_type=\"column\">\n\t\t\t<div class=\"elementor-widget-wrap elementor-element-populated\">\n\t\t\t\t\t\t<div class=\"elementor-element elementor-element-f48499b elementor-widget elementor-widget-image\" data-id=\"f48499b\" data-element_type=\"widget\" data-widget_type=\"image.default\">\n\t\t\t\t<div class=\"elementor-widget-container\">\n\t\t\t\t\t\t\t\t\t\t\t\t\t\t<a href=\"https:\/\/quatrocravos.com\/en\/vivo-branco\/\">\n\t\t\t\t\t\t\t<img loading=\"lazy\" decoding=\"async\" width=\"683\" height=\"1024\" src=\"https:\/\/quatrocravos.com\/wp-content\/uploads\/2022\/07\/ViVO_Branco-683x1024.png\" class=\"attachment-large size-large wp-image-4022\" alt=\"\" srcset=\"https:\/\/quatrocravos.com\/wp-content\/uploads\/2022\/07\/ViVO_Branco-683x1024.png 683w, https:\/\/quatrocravos.com\/wp-content\/uploads\/2022\/07\/ViVO_Branco-200x300.png 200w, https:\/\/quatrocravos.com\/wp-content\/uploads\/2022\/07\/ViVO_Branco-768x1152.png 768w, https:\/\/quatrocravos.com\/wp-content\/uploads\/2022\/07\/ViVO_Branco-8x12.png 8w, https:\/\/quatrocravos.com\/wp-content\/uploads\/2022\/07\/ViVO_Branco.png 1000w\" sizes=\"(max-width: 683px) 100vw, 683px\" \/>\t\t\t\t\t\t\t\t<\/a>\n\t\t\t\t\t\t\t\t\t\t\t\t\t<\/div>\n\t\t\t\t<\/div>\n\t\t\t\t<div class=\"elementor-element elementor-element-b624394 elementor-widget elementor-widget-heading\" data-id=\"b624394\" data-element_type=\"widget\" data-widget_type=\"heading.default\">\n\t\t\t\t<div class=\"elementor-widget-container\">\n\t\t\t<h2 class=\"elementor-heading-title elementor-size-default\"><a href=\"https:\/\/quatrocravos.com\/en\/vivo-branco\/\">VIVO WHITE SEMI-SPARKLING<\/a><\/h2>\t\t<\/div>\n\t\t\t\t<\/div>\n\t\t\t\t\t<\/div>\n\t\t<\/div>\n\t\t\t\t<div class=\"elementor-column elementor-col-25 elementor-top-column elementor-element elementor-element-9e8ca1b\" data-id=\"9e8ca1b\" data-element_type=\"column\">\n\t\t\t<div class=\"elementor-widget-wrap elementor-element-populated\">\n\t\t\t\t\t\t<div class=\"elementor-element elementor-element-21b6ea1 elementor-widget elementor-widget-image\" data-id=\"21b6ea1\" data-element_type=\"widget\" data-widget_type=\"image.default\">\n\t\t\t\t<div class=\"elementor-widget-container\">\n\t\t\t\t\t\t\t\t\t\t\t\t\t\t<a href=\"https:\/\/quatrocravos.com\/en\/vivo-rose\/\">\n\t\t\t\t\t\t\t<img loading=\"lazy\" decoding=\"async\" width=\"683\" height=\"1024\" src=\"https:\/\/quatrocravos.com\/wp-content\/uploads\/2022\/07\/ViVO_Rose-683x1024.png\" class=\"attachment-large size-large wp-image-4023\" alt=\"\" srcset=\"https:\/\/quatrocravos.com\/wp-content\/uploads\/2022\/07\/ViVO_Rose-683x1024.png 683w, https:\/\/quatrocravos.com\/wp-content\/uploads\/2022\/07\/ViVO_Rose-200x300.png 200w, https:\/\/quatrocravos.com\/wp-content\/uploads\/2022\/07\/ViVO_Rose-768x1152.png 768w, https:\/\/quatrocravos.com\/wp-content\/uploads\/2022\/07\/ViVO_Rose-8x12.png 8w, https:\/\/quatrocravos.com\/wp-content\/uploads\/2022\/07\/ViVO_Rose.png 1000w\" sizes=\"(max-width: 683px) 100vw, 683px\" \/>\t\t\t\t\t\t\t\t<\/a>\n\t\t\t\t\t\t\t\t\t\t\t\t\t<\/div>\n\t\t\t\t<\/div>\n\t\t\t\t<div class=\"elementor-element elementor-element-b0fec01 elementor-widget elementor-widget-heading\" data-id=\"b0fec01\" data-element_type=\"widget\" data-widget_type=\"heading.default\">\n\t\t\t\t<div class=\"elementor-widget-container\">\n\t\t\t<h2 class=\"elementor-heading-title elementor-size-default\"><a href=\"https:\/\/quatrocravos.com\/en\/vivo-rose\/\">VIVO ROSE SEMI-SPARKLING<\/a><\/h2>\t\t<\/div>\n\t\t\t\t<\/div>\n\t\t\t\t\t<\/div>\n\t\t<\/div>\n\t\t\t\t<div class=\"elementor-column elementor-col-25 elementor-top-column elementor-element elementor-element-3e64295\" data-id=\"3e64295\" data-element_type=\"column\">\n\t\t\t<div class=\"elementor-widget-wrap\">\n\t\t\t\t\t\t\t<\/div>\n\t\t<\/div>\n\t\t\t\t<div class=\"elementor-column elementor-col-25 elementor-top-column elementor-element elementor-element-b820c65\" data-id=\"b820c65\" data-element_type=\"column\">\n\t\t\t<div class=\"elementor-widget-wrap\">\n\t\t\t\t\t\t\t<\/div>\n\t\t<\/div>\n\t\t\t\t\t<\/div>\n\t\t<\/section>\n\t\t\t\t<section class=\"elementor-section elementor-top-section elementor-element elementor-element-17c877a elementor-section-stretched elementor-section-content-middle elementor-section-boxed elementor-section-height-default elementor-section-height-default\" data-id=\"17c877a\" data-element_type=\"section\" data-settings=\"{&quot;stretch_section&quot;:&quot;section-stretched&quot;,&quot;background_background&quot;:&quot;classic&quot;}\">\n\t\t\t\t\t\t<div class=\"elementor-container elementor-column-gap-default\">\n\t\t\t\t\t<div class=\"elementor-column elementor-col-50 elementor-top-column elementor-element elementor-element-73d632ff\" data-id=\"73d632ff\" data-element_type=\"column\">\n\t\t\t<div class=\"elementor-widget-wrap elementor-element-populated\">\n\t\t\t\t\t\t<div class=\"elementor-element elementor-element-62664e4c elementor-widget elementor-widget-heading\" data-id=\"62664e4c\" data-element_type=\"widget\" data-widget_type=\"heading.default\">\n\t\t\t\t<div class=\"elementor-widget-container\">\n\t\t\t<h4 class=\"elementor-heading-title elementor-size-default\">Subscribe to the Newsletter<\/h4>\t\t<\/div>\n\t\t\t\t<\/div>\n\t\t\t\t<div class=\"elementor-element elementor-element-3038c949 elementor-widget elementor-widget-text-editor\" data-id=\"3038c949\" data-element_type=\"widget\" data-widget_type=\"text-editor.default\">\n\t\t\t\t<div class=\"elementor-widget-container\">\n\t\t\t\t\t\t\t<p>Receive all our news in your e-mail.<\/p>\t\t\t\t\t\t<\/div>\n\t\t\t\t<\/div>\n\t\t\t\t\t<\/div>\n\t\t<\/div>\n\t\t\t\t<div class=\"elementor-column elementor-col-50 elementor-top-column elementor-element elementor-element-3da1ce25\" data-id=\"3da1ce25\" data-element_type=\"column\">\n\t\t\t<div class=\"elementor-widget-wrap elementor-element-populated\">\n\t\t\t\t\t\t<div class=\"elementor-element elementor-element-b7bf233 elementor-widget elementor-widget-html\" data-id=\"b7bf233\" data-element_type=\"widget\" data-widget_type=\"html.default\">\n\t\t\t\t<div class=\"elementor-widget-container\">\n\t\t\t<div class=\"wpb_wrapper\">\r\n\t\t\t<script>(function() {\r\n\twindow.mc4wp = window.mc4wp || {\r\n\t\tlisteners: [],\r\n\t\tforms: {\r\n\t\t\ton: function(evt, cb) {\r\n\t\t\t\twindow.mc4wp.listeners.push(\r\n\t\t\t\t\t{\r\n\t\t\t\t\t\tevent   : evt,\r\n\t\t\t\t\t\tcallback: cb\r\n\t\t\t\t\t}\r\n\t\t\t\t);\r\n\t\t\t}\r\n\t\t}\r\n\t}\r\n})();\r\n<\/script><!-- Mailchimp for WordPress v4.8 - https:\/\/adegacravo.pt\/\/adegacravo.pt\/\/wordpress.org\/plugins\/mailchimp-for-wp\/ --><form id=\"mc4wp-form-1\" class=\"mc4wp-form mc4wp-form-624\" method=\"post\" data-id=\"624\" data-name=\"form1\" action=\"\"><div class=\"mc4wp-form-fields\"><div class=\"sc_emailer\">    \r\n    <input type=\"email\" name=\"EMAIL\" placeholder=\"E-mail\" required=\"\" class=\"sc_emailer_input\" autocomplete=\"off\">\r\n    <button type=\"submit\" class=\"sc_emailer_button icon-arrow\"><\/button>  \t\r\n<\/div>\r\n<\/div><label style=\"display: none !important;\">Leave this field empty if you're human: <input type=\"text\" name=\"_mc4wp_honeypot\" value=\"\" tabindex=\"-1\" autocomplete=\"off\"><\/label><input type=\"hidden\" name=\"_mc4wp_timestamp\" value=\"1596447113\"><input type=\"hidden\" name=\"_mc4wp_form_id\" value=\"624\"><input type=\"hidden\" name=\"_mc4wp_form_element_id\" value=\"mc4wp-form-1\"><div class=\"mc4wp-response\"><\/div><input type=\"hidden\" name=\"trp-form-language\" value=\"en\"\/><\/form><!-- \/ Mailchimp for WordPress Plugin -->\r\n\r\n\t\t<\/div>\t\t<\/div>\n\t\t\t\t<\/div>\n\t\t\t\t\t<\/div>\n\t\t<\/div>\n\t\t\t\t\t<\/div>\n\t\t<\/section>\n\t\t\t\t<\/div>","protected":false},"excerpt":{"rendered":"<p>A empresa PositiveWine nasceu em Novembro de 2013, da vontade dos en\u00f3logos Nuno Bastos e Lu\u00eds Santos em trabalhar os espumantes de maneira inovadora, em rutura com os processos tradicionais de produ\u00e7\u00e3o, embalagem e comercializa\u00e7\u00e3o dos vinhos efervescentes. O \u00edmpeto da juventude, associada \u00e0 irrever\u00eancia num sector marcado pelo seu car\u00e1cter conservador, n\u00e3o proporcionou o [&hellip;]<\/p>","protected":false},"author":990004,"featured_media":0,"parent":0,"menu_order":0,"comment_status":"closed","ping_status":"closed","template":"","meta":{"footnotes":""},"_links":{"self":[{"href":"https:\/\/quatrocravos.com\/en\/wp-json\/wp\/v2\/pages\/3931"}],"collection":[{"href":"https:\/\/quatrocravos.com\/en\/wp-json\/wp\/v2\/pages"}],"about":[{"href":"https:\/\/quatrocravos.com\/en\/wp-json\/wp\/v2\/types\/page"}],"author":[{"embeddable":true,"href":"https:\/\/quatrocravos.com\/en\/wp-json\/wp\/v2\/users\/990004"}],"replies":[{"embeddable":true,"href":"https:\/\/quatrocravos.com\/en\/wp-json\/wp\/v2\/comments?post=3931"}],"version-history":[{"count":37,"href":"https:\/\/quatrocravos.com\/en\/wp-json\/wp\/v2\/pages\/3931\/revisions"}],"predecessor-version":[{"id":5603,"href":"https:\/\/quatrocravos.com\/en\/wp-json\/wp\/v2\/pages\/3931\/revisions\/5603"}],"wp:attachment":[{"href":"https:\/\/quatrocravos.com\/en\/wp-json\/wp\/v2\/media?parent=3931"}],"curies":[{"name":"wp","href":"https:\/\/api.w.org\/{rel}","templated":true}]}}