{"id":2850,"date":"2021-03-17T10:55:49","date_gmt":"2021-03-17T10:55:49","guid":{"rendered":"https:\/\/positivewine.com\/?page_id=2850"},"modified":"2021-12-15T10:41:18","modified_gmt":"2021-12-15T10:41:18","slug":"about-us","status":"publish","type":"page","link":"https:\/\/quatrocravos.com\/en\/about-us\/","title":{"rendered":"About Us"},"content":{"rendered":"<div data-elementor-type=\"wp-page\" data-elementor-id=\"2850\" class=\"elementor elementor-2850\">\n\t\t\t\t\t\t<section class=\"elementor-section elementor-top-section elementor-element elementor-element-59a79ba elementor-section-stretched elementor-section-boxed elementor-section-height-default elementor-section-height-default\" data-id=\"59a79ba\" data-element_type=\"section\" data-settings=\"{&quot;stretch_section&quot;:&quot;section-stretched&quot;,&quot;background_background&quot;:&quot;classic&quot;}\">\n\t\t\t\t\t\t<div class=\"elementor-container elementor-column-gap-default\">\n\t\t\t\t\t<div class=\"elementor-column elementor-col-100 elementor-top-column elementor-element elementor-element-1376896\" data-id=\"1376896\" data-element_type=\"column\">\n\t\t\t<div class=\"elementor-widget-wrap elementor-element-populated\">\n\t\t\t\t\t\t<div class=\"elementor-element elementor-element-fddcbe9 elementor-widget elementor-widget-heading\" data-id=\"fddcbe9\" data-element_type=\"widget\" data-widget_type=\"heading.default\">\n\t\t\t\t<div class=\"elementor-widget-container\">\n\t\t\t<h2 class=\"elementor-heading-title elementor-size-default\">Quatro Cravos<\/h2>\t\t<\/div>\n\t\t\t\t<\/div>\n\t\t\t\t<div class=\"elementor-element elementor-element-cb3a76f elementor-widget-divider--view-line elementor-widget elementor-widget-divider\" data-id=\"cb3a76f\" data-element_type=\"widget\" data-widget_type=\"divider.default\">\n\t\t\t\t<div class=\"elementor-widget-container\">\n\t\t\t\t\t<div class=\"elementor-divider\">\n\t\t\t<span class=\"elementor-divider-separator\">\n\t\t\t\t\t\t<\/span>\n\t\t<\/div>\n\t\t\t\t<\/div>\n\t\t\t\t<\/div>\n\t\t\t\t<div class=\"elementor-element elementor-element-4df0345 elementor-widget elementor-widget-text-editor\" data-id=\"4df0345\" data-element_type=\"widget\" data-widget_type=\"text-editor.default\">\n\t\t\t\t<div class=\"elementor-widget-container\">\n\t\t\t\t\t\t\t<p><span lang=\"en-GB\">Quatro Cravos is a wine producer focused on creating quality wines with Protected Designation of Origin (Denomina\u00e7\u00e3o de Origem Protegida \u2013 DOP) Bairrada and Protected Geographical Indication (Identifica\u00e7\u00e3o Geogr\u00e1fica Protegida \u2013 IGP) Beira Atl\u00e2ntico<\/span><\/p>\t\t\t\t\t\t<\/div>\n\t\t\t\t<\/div>\n\t\t\t\t\t<\/div>\n\t\t<\/div>\n\t\t\t\t\t<\/div>\n\t\t<\/section>\n\t\t\t\t<section class=\"elementor-section elementor-top-section elementor-element elementor-element-03a1866 elementor-section-stretched elementor-section-content-middle elementor-section-boxed elementor-section-height-default elementor-section-height-default\" data-id=\"03a1866\" data-element_type=\"section\" data-settings=\"{&quot;stretch_section&quot;:&quot;section-stretched&quot;,&quot;background_background&quot;:&quot;classic&quot;}\">\n\t\t\t\t\t\t<div class=\"elementor-container elementor-column-gap-default\">\n\t\t\t\t\t<div class=\"elementor-column elementor-col-50 elementor-top-column elementor-element elementor-element-92e2ad1\" data-id=\"92e2ad1\" data-element_type=\"column\">\n\t\t\t<div class=\"elementor-widget-wrap elementor-element-populated\">\n\t\t\t\t\t\t<div class=\"elementor-element elementor-element-980859f elementor-widget elementor-widget-text-editor\" data-id=\"980859f\" data-element_type=\"widget\" data-widget_type=\"text-editor.default\">\n\t\t\t\t<div class=\"elementor-widget-container\">\n\t\t\t\t\t\t\t<p><span lang=\"en-GB\">Quatro Cravos is responsible for the wine-growing management of two vineyards in the Bairrada region: \u201cAdega Original\u201d and \u201cAdega Quatro Cravos\u201d.\u00b4<\/span><\/p><p><span lang=\"en-GB\">The vineyards grow in two different kinds of soil, the clay, loam and limestone soils and sandy soils of varying degrees of grain with moderate clay content.<\/span><\/p><p><span lang=\"en-GB\">As a result of the type of soil in the region, the wines made are distinguished, balanced and with aromatic sophistication inland while light and lively in the coastland.<\/span><\/p><p><span lang=\"en-GB\">The brands marketed have the seal \u201cBy Quatro Cravos\u201d on them as an assurance of quality and commitment by the company to its products.<\/span><\/p>\t\t\t\t\t\t<\/div>\n\t\t\t\t<\/div>\n\t\t\t\t\t<\/div>\n\t\t<\/div>\n\t\t\t\t<div class=\"elementor-column elementor-col-50 elementor-top-column elementor-element elementor-element-f3f8d4c\" data-id=\"f3f8d4c\" data-element_type=\"column\">\n\t\t\t<div class=\"elementor-widget-wrap elementor-element-populated\">\n\t\t\t\t\t\t<div class=\"elementor-element elementor-element-704d6e3 elementor-widget elementor-widget-image\" data-id=\"704d6e3\" data-element_type=\"widget\" data-widget_type=\"image.default\">\n\t\t\t\t<div class=\"elementor-widget-container\">\n\t\t\t\t\t\t\t\t\t\t\t\t\t<img fetchpriority=\"high\" decoding=\"async\" width=\"800\" height=\"500\" src=\"https:\/\/quatrocravos.com\/wp-content\/uploads\/2020\/06\/sn_vinhas.jpg\" class=\"attachment-large size-large wp-image-914\" alt=\"\" srcset=\"https:\/\/quatrocravos.com\/wp-content\/uploads\/2020\/06\/sn_vinhas.jpg 800w, https:\/\/quatrocravos.com\/wp-content\/uploads\/2020\/06\/sn_vinhas-300x188.jpg 300w, https:\/\/quatrocravos.com\/wp-content\/uploads\/2020\/06\/sn_vinhas-768x480.jpg 768w, https:\/\/quatrocravos.com\/wp-content\/uploads\/2020\/06\/sn_vinhas-18x12.jpg 18w\" sizes=\"(max-width: 800px) 100vw, 800px\" \/>\t\t\t\t\t\t\t\t\t\t\t\t\t<\/div>\n\t\t\t\t<\/div>\n\t\t\t\t\t<\/div>\n\t\t<\/div>\n\t\t\t\t\t<\/div>\n\t\t<\/section>\n\t\t\t\t<section class=\"elementor-section elementor-top-section elementor-element elementor-element-95112e7 elementor-section-stretched elementor-section-boxed elementor-section-height-default elementor-section-height-default\" data-id=\"95112e7\" data-element_type=\"section\" data-settings=\"{&quot;stretch_section&quot;:&quot;section-stretched&quot;,&quot;background_background&quot;:&quot;classic&quot;}\">\n\t\t\t\t\t\t<div class=\"elementor-container elementor-column-gap-default\">\n\t\t\t\t\t<div class=\"elementor-column elementor-col-100 elementor-top-column elementor-element elementor-element-f08f297\" data-id=\"f08f297\" data-element_type=\"column\">\n\t\t\t<div class=\"elementor-widget-wrap elementor-element-populated\">\n\t\t\t\t\t\t<div class=\"elementor-element elementor-element-2502448 elementor-widget elementor-widget-heading\" data-id=\"2502448\" data-element_type=\"widget\" data-widget_type=\"heading.default\">\n\t\t\t\t<div class=\"elementor-widget-container\">\n\t\t\t<h2 class=\"elementor-heading-title elementor-size-default\">HISTORY<\/h2>\t\t<\/div>\n\t\t\t\t<\/div>\n\t\t\t\t<div class=\"elementor-element elementor-element-d04cc40 elementor-widget-divider--view-line elementor-widget elementor-widget-divider\" data-id=\"d04cc40\" data-element_type=\"widget\" data-widget_type=\"divider.default\">\n\t\t\t\t<div class=\"elementor-widget-container\">\n\t\t\t\t\t<div class=\"elementor-divider\">\n\t\t\t<span class=\"elementor-divider-separator\">\n\t\t\t\t\t\t<\/span>\n\t\t<\/div>\n\t\t\t\t<\/div>\n\t\t\t\t<\/div>\n\t\t\t\t<div class=\"elementor-element elementor-element-d170c6f elementor-widget elementor-widget-text-editor\" data-id=\"d170c6f\" data-element_type=\"widget\" data-widget_type=\"text-editor.default\">\n\t\t\t\t<div class=\"elementor-widget-container\">\n\t\t\t\t\t\t\t<p><span lang=\"en-GB\">Martinho da Silva Cravo begins his fascinating journey into the world of winemaking in his father-in-law\u2019s, Sebasti\u00e3o da Mota Domingues Gala, winery.<\/span><\/p>\t\t\t\t\t\t<\/div>\n\t\t\t\t<\/div>\n\t\t\t\t\t<\/div>\n\t\t<\/div>\n\t\t\t\t\t<\/div>\n\t\t<\/section>\n\t\t\t\t<section class=\"elementor-section elementor-top-section elementor-element elementor-element-8264d9a elementor-section-stretched elementor-section-content-middle elementor-section-boxed elementor-section-height-default elementor-section-height-default\" data-id=\"8264d9a\" data-element_type=\"section\" data-settings=\"{&quot;stretch_section&quot;:&quot;section-stretched&quot;,&quot;background_background&quot;:&quot;classic&quot;}\">\n\t\t\t\t\t\t<div class=\"elementor-container elementor-column-gap-default\">\n\t\t\t\t\t<div class=\"elementor-column elementor-col-50 elementor-top-column elementor-element elementor-element-7d8b319\" data-id=\"7d8b319\" data-element_type=\"column\">\n\t\t\t<div class=\"elementor-widget-wrap elementor-element-populated\">\n\t\t\t\t\t\t<div class=\"elementor-element elementor-element-ab3e7c0 elementor-widget elementor-widget-image\" data-id=\"ab3e7c0\" data-element_type=\"widget\" data-widget_type=\"image.default\">\n\t\t\t\t<div class=\"elementor-widget-container\">\n\t\t\t\t\t\t\t\t\t\t\t\t\t<img decoding=\"async\" width=\"224\" height=\"495\" src=\"https:\/\/quatrocravos.com\/wp-content\/uploads\/2020\/09\/foto.jpg\" class=\"attachment-large size-large wp-image-2043\" alt=\"\" srcset=\"https:\/\/quatrocravos.com\/wp-content\/uploads\/2020\/09\/foto.jpg 224w, https:\/\/quatrocravos.com\/wp-content\/uploads\/2020\/09\/foto-136x300.jpg 136w, https:\/\/quatrocravos.com\/wp-content\/uploads\/2020\/09\/foto-5x12.jpg 5w\" sizes=\"(max-width: 224px) 100vw, 224px\" \/>\t\t\t\t\t\t\t\t\t\t\t\t\t<\/div>\n\t\t\t\t<\/div>\n\t\t\t\t\t<\/div>\n\t\t<\/div>\n\t\t\t\t<div class=\"elementor-column elementor-col-50 elementor-top-column elementor-element elementor-element-cb971c6\" data-id=\"cb971c6\" data-element_type=\"column\">\n\t\t\t<div class=\"elementor-widget-wrap elementor-element-populated\">\n\t\t\t\t\t\t<div class=\"elementor-element elementor-element-6583e9a elementor-widget elementor-widget-text-editor\" data-id=\"6583e9a\" data-element_type=\"widget\" data-widget_type=\"text-editor.default\">\n\t\t\t\t<div class=\"elementor-widget-container\">\n\t\t\t\t\t\t\t<p>Father Manuel Pinto de Aguiar, a native of Vila Boa de Quires de Marco de Canavezes, took over as parish priest of the church of S\u00e3o Bartolomeu do Troviscal in the year 1722. The priest was Sebastiana Pinto da Mota&#8217;s maternal uncle and his niece came to live with him in Troviscal, marrying Manuel da Fonseca Carvalho from P\u00f3voa do Carreiro on 31 August 1732. The uncle\/priest was well connected at the time and supported the young couple, with Manuel da Fonseca Carvalho being promoted to lieutenant in 1741 and once again to captain in 1755. This was a position of great prestige in the society of the region and placed the family at the top of the social hierarchy, in addition to guaranteeing considerable financial security.<br><\/p>\n<p><\/p>\n<p>The couple&#8217;s youngest child, Jos\u00e9 da Mota Carvalho, married B\u00e1rbara Joaquina dos Santos in 1770 and it this original branch that the Cravo family joined upon the 1906 marriage of Martinho da Silva Cravo to Maria Rosa Domingues Martins, the daughter of Sebasti\u00e3o da Mota Domingues Gala, a farmer with extensive experience in the art of winemaking and a winecellar made up of two dozen casks of wine. The first winery in the Cravo branch, \u201cAdega Cravo\u201d, was built in 1911 with a capacity of four mills and equipped with the most modern equipment at the time. The casks of wine would leave the winery in ox-drawn carts that travelled along the road to the Boco stream, where they were loaded on to Moliceiro boats for delivery to their destinations in the riverside regions of Furadouro and Ovar. The success of the business and the large amounts of income involved resulted in the founder, Martinho Cravo, falling into an irresponsible lifestyle and neglecting the vineyards, which ended up compromising his economic potential and gave rise to the slow decline of the farm and the winery.<\/p>\n<p>Despite the difficulties, the winery remained in the family for another two generations until the great-grandson, Alberto Cravo, founded \u201cSociedade Agr\u00edcola Quatro Cravos, Lda\u201d in 2014 as a means of modernising and restructuring the business.<\/p>\n<p>With a view to gaining technical skills and enhancing the standard of quality of the company\u00b4s wines, \u201cSociedade Agr\u00edcola Quatro Cravos, Lda\u201d acquired a stake in the company Positivewine, Lda. in 2015, with the winemaking side of the business being entrusted to the experience of oenologist Nuno Bastos.<\/p>\n<p>In 2016, \u201cAdega Original\u201d was built due to the fact the premises of the old \u201cAdega Cravo\u201d provided no room for growth. To complement production from the old grape vines, clay-limestone land was acquired on which to plant new vines, thereby expanding the operation and ensuring consistency in the production of top-quality still and sparkling wines.<\/p>\n<p>The two companies merged in late 2021 with the incorporation of PositiveWine into the assets of \u201cSociedade Agr\u00edcola Quatro Cravos, Lda.\u201d, while \u201cAdega Cravo\u201d was incorporated into \u201cAdega Original\u201d, thereby enabling the company to take on its definitive form with activities extended to the areas of grape-growing, wine-making and wine tourism.<\/p>\n<p>\u201cSociedade Agr\u00edcola Quatro Cravos, Lda.\u201d is committed to implementing a combination of modern professional management and the traditional winemaking values of the Cravo family to produce authentic wines under the \u201cP\u00e9 de Ganso\u201d, \u201cOriginal\u201d, \u201cFlutt\u201d and \u201cPositivo\u201d brands, from grapes harvested at the vineyards located in Bairrada, in the villages of S\u00e3o Louren\u00e7o do Bairro, Ancas, Amoreira da G\u00e2ndara and Troviscal.<\/p>\t\t\t\t\t\t<\/div>\n\t\t\t\t<\/div>\n\t\t\t\t\t<\/div>\n\t\t<\/div>\n\t\t\t\t\t<\/div>\n\t\t<\/section>\n\t\t\t\t<section class=\"elementor-section elementor-top-section elementor-element elementor-element-02d979f elementor-section-stretched elementor-section-boxed elementor-section-height-default elementor-section-height-default\" data-id=\"02d979f\" data-element_type=\"section\" data-settings=\"{&quot;stretch_section&quot;:&quot;section-stretched&quot;,&quot;background_background&quot;:&quot;classic&quot;}\">\n\t\t\t\t\t\t<div class=\"elementor-container elementor-column-gap-default\">\n\t\t\t\t\t<div class=\"elementor-column elementor-col-100 elementor-top-column elementor-element elementor-element-36b6de4\" data-id=\"36b6de4\" data-element_type=\"column\">\n\t\t\t<div class=\"elementor-widget-wrap elementor-element-populated\">\n\t\t\t\t\t\t<div class=\"elementor-element elementor-element-a365fb2 elementor-widget elementor-widget-heading\" data-id=\"a365fb2\" data-element_type=\"widget\" data-widget_type=\"heading.default\">\n\t\t\t\t<div class=\"elementor-widget-container\">\n\t\t\t<h2 class=\"elementor-heading-title elementor-size-default\">TODAY<\/h2>\t\t<\/div>\n\t\t\t\t<\/div>\n\t\t\t\t<div class=\"elementor-element elementor-element-6ae88d7 elementor-widget-divider--view-line elementor-widget elementor-widget-divider\" data-id=\"6ae88d7\" data-element_type=\"widget\" data-widget_type=\"divider.default\">\n\t\t\t\t<div class=\"elementor-widget-container\">\n\t\t\t\t\t<div class=\"elementor-divider\">\n\t\t\t<span class=\"elementor-divider-separator\">\n\t\t\t\t\t\t<\/span>\n\t\t<\/div>\n\t\t\t\t<\/div>\n\t\t\t\t<\/div>\n\t\t\t\t<div class=\"elementor-element elementor-element-24ef672 elementor-widget elementor-widget-text-editor\" data-id=\"24ef672\" data-element_type=\"widget\" data-widget_type=\"text-editor.default\">\n\t\t\t\t<div class=\"elementor-widget-container\">\n\t\t\t\t\t\t\t<p><span lang=\"en-GB\">With quality grapes, dedication, effort and a lot of passion, we look for excellence in each and every one of the bottles made.<\/span><\/p>\t\t\t\t\t\t<\/div>\n\t\t\t\t<\/div>\n\t\t\t\t\t<\/div>\n\t\t<\/div>\n\t\t\t\t\t<\/div>\n\t\t<\/section>\n\t\t\t\t<section class=\"elementor-section elementor-top-section elementor-element elementor-element-95c0bdd elementor-section-stretched elementor-section-content-middle elementor-section-boxed elementor-section-height-default elementor-section-height-default\" data-id=\"95c0bdd\" data-element_type=\"section\" data-settings=\"{&quot;stretch_section&quot;:&quot;section-stretched&quot;,&quot;background_background&quot;:&quot;classic&quot;}\">\n\t\t\t\t\t\t<div class=\"elementor-container elementor-column-gap-default\">\n\t\t\t\t\t<div class=\"elementor-column elementor-col-50 elementor-top-column elementor-element elementor-element-d84dbaf\" data-id=\"d84dbaf\" data-element_type=\"column\">\n\t\t\t<div class=\"elementor-widget-wrap elementor-element-populated\">\n\t\t\t\t\t\t<div class=\"elementor-element elementor-element-846526c elementor-widget elementor-widget-image\" data-id=\"846526c\" data-element_type=\"widget\" data-widget_type=\"image.default\">\n\t\t\t\t<div class=\"elementor-widget-container\">\n\t\t\t\t\t\t\t\t\t\t\t\t\t<img decoding=\"async\" width=\"657\" height=\"492\" src=\"https:\/\/quatrocravos.com\/wp-content\/uploads\/2021\/12\/Dr_Alberto.jpg\" class=\"attachment-large size-large wp-image-3553\" alt=\"\" srcset=\"https:\/\/quatrocravos.com\/wp-content\/uploads\/2021\/12\/Dr_Alberto.jpg 657w, https:\/\/quatrocravos.com\/wp-content\/uploads\/2021\/12\/Dr_Alberto-300x225.jpg 300w, https:\/\/quatrocravos.com\/wp-content\/uploads\/2021\/12\/Dr_Alberto-16x12.jpg 16w\" sizes=\"(max-width: 657px) 100vw, 657px\" \/>\t\t\t\t\t\t\t\t\t\t\t\t\t<\/div>\n\t\t\t\t<\/div>\n\t\t\t\t<div class=\"elementor-element elementor-element-e31ee81 elementor-widget elementor-widget-text-editor\" data-id=\"e31ee81\" data-element_type=\"widget\" data-widget_type=\"text-editor.default\">\n\t\t\t\t<div class=\"elementor-widget-container\">\n\t\t\t\t\t\t\t<p><span lang=\"en-GB\">\u00a0\u00a0\u00a0\u00a0\u00a0\u00a0\u00a0\u00a0\u00a0\u00a0\u00a0\u00a0\u00a0\u00a0\u00a0\u00a0\u00a0\u00a0\u00a0\u00a0\u00a0\u00a0\u00a0\u00a0\u00a0\u00a0\u00a0\u00a0\u00a0\u00a0\u00a0\u00a0\u00a0\u00a0\u00a0\u00a0\u00a0\u00a0\u00a0\u00a0\u00a0\u00a0\u00a0\u00a0\u00a0\u00a0\u00a0\u00a0\u00a0\u00a0\u00a0\u00a0\u00a0\u00a0\u00a0\u00a0\u00a0\u00a0\u00a0\u00a0\u00a0\u00a0\u00a0 Dr. Alberto Cravo <br \/><\/span><\/p>\t\t\t\t\t\t<\/div>\n\t\t\t\t<\/div>\n\t\t\t\t\t<\/div>\n\t\t<\/div>\n\t\t\t\t<div class=\"elementor-column elementor-col-50 elementor-top-column elementor-element elementor-element-de43547\" data-id=\"de43547\" data-element_type=\"column\">\n\t\t\t<div class=\"elementor-widget-wrap elementor-element-populated\">\n\t\t\t\t\t\t<div class=\"elementor-element elementor-element-3fb7c2e elementor-widget elementor-widget-text-editor\" data-id=\"3fb7c2e\" data-element_type=\"widget\" data-widget_type=\"text-editor.default\">\n\t\t\t\t<div class=\"elementor-widget-container\">\n\t\t\t\t\t\t\t<p><span lang=\"en-GB\">The first concern of the company was to keep intact the legacy of the Cravo family concerning the work on the vineyeards, interfering the least amount possible in the production stage. A decision was made to only keep the production of the traditional grape varieties of Bairrada.<\/span><\/p>\n<p><span lang=\"en-GB\">The construction of the \u201cAdega Original\u201d and the acquisition of land with clay-limestone soils in order to plant new vines reinforced the century old capacity of \u201cAdega Quatro Cravos\u201d and allow it to grow and maintain a level of production of high quality wines and sparkling wines on the market under the brands \u201cOriginal\u201d, \u201cP\u00e9 de Ganso\u201d, \u201cFlutt\u201d and \u201cPositivo\u201d and with the label \u201cby Quatro Cravos\u201d.<\/span><\/p>\t\t\t\t\t\t<\/div>\n\t\t\t\t<\/div>\n\t\t\t\t<div class=\"elementor-element elementor-element-fa40aa0 elementor-widget elementor-widget-spacer\" data-id=\"fa40aa0\" data-element_type=\"widget\" data-widget_type=\"spacer.default\">\n\t\t\t\t<div class=\"elementor-widget-container\">\n\t\t\t\t\t<div class=\"elementor-spacer\">\n\t\t\t<div class=\"elementor-spacer-inner\"><\/div>\n\t\t<\/div>\n\t\t\t\t<\/div>\n\t\t\t\t<\/div>\n\t\t\t\t\t<\/div>\n\t\t<\/div>\n\t\t\t\t\t<\/div>\n\t\t<\/section>\n\t\t\t\t<section class=\"elementor-section elementor-top-section elementor-element elementor-element-f0937ff elementor-section-stretched elementor-section-content-middle elementor-section-boxed elementor-section-height-default elementor-section-height-default\" data-id=\"f0937ff\" data-element_type=\"section\" data-settings=\"{&quot;stretch_section&quot;:&quot;section-stretched&quot;,&quot;background_background&quot;:&quot;classic&quot;}\">\n\t\t\t\t\t\t<div class=\"elementor-container elementor-column-gap-default\">\n\t\t\t\t\t<div class=\"elementor-column elementor-col-100 elementor-top-column elementor-element elementor-element-6bdea28\" data-id=\"6bdea28\" data-element_type=\"column\">\n\t\t\t<div class=\"elementor-widget-wrap elementor-element-populated\">\n\t\t\t\t\t\t<section class=\"elementor-section elementor-inner-section elementor-element elementor-element-b6d9d85 elementor-section-boxed elementor-section-height-default elementor-section-height-default\" data-id=\"b6d9d85\" data-element_type=\"section\">\n\t\t\t\t\t\t<div class=\"elementor-container elementor-column-gap-default\">\n\t\t\t\t\t<div class=\"elementor-column elementor-col-50 elementor-inner-column elementor-element elementor-element-d9e7e80\" data-id=\"d9e7e80\" data-element_type=\"column\">\n\t\t\t<div class=\"elementor-widget-wrap elementor-element-populated\">\n\t\t\t\t\t\t<div class=\"elementor-element elementor-element-12cf70f elementor-widget elementor-widget-heading\" data-id=\"12cf70f\" data-element_type=\"widget\" data-widget_type=\"heading.default\">\n\t\t\t\t<div class=\"elementor-widget-container\">\n\t\t\t<h4 class=\"elementor-heading-title elementor-size-default\">subscribe our NEWSLETTER<\/h4>\t\t<\/div>\n\t\t\t\t<\/div>\n\t\t\t\t<div class=\"elementor-element elementor-element-95cac0b elementor-widget elementor-widget-text-editor\" data-id=\"95cac0b\" data-element_type=\"widget\" data-widget_type=\"text-editor.default\">\n\t\t\t\t<div class=\"elementor-widget-container\">\n\t\t\t\t\t\t\t<p>Receive all the news in your email.<\/p>\t\t\t\t\t\t<\/div>\n\t\t\t\t<\/div>\n\t\t\t\t\t<\/div>\n\t\t<\/div>\n\t\t\t\t<div class=\"elementor-column elementor-col-50 elementor-inner-column elementor-element elementor-element-2618194\" data-id=\"2618194\" data-element_type=\"column\">\n\t\t\t<div class=\"elementor-widget-wrap elementor-element-populated\">\n\t\t\t\t\t\t<div class=\"elementor-element elementor-element-7107138 elementor-widget elementor-widget-html\" data-id=\"7107138\" data-element_type=\"widget\" data-widget_type=\"html.default\">\n\t\t\t\t<div class=\"elementor-widget-container\">\n\t\t\t<div class=\"wpb_wrapper\">\r\n\t\t\t<script>(function() {\r\n\twindow.mc4wp = window.mc4wp || {\r\n\t\tlisteners: [],\r\n\t\tforms: {\r\n\t\t\ton: function(evt, cb) {\r\n\t\t\t\twindow.mc4wp.listeners.push(\r\n\t\t\t\t\t{\r\n\t\t\t\t\t\tevent   : evt,\r\n\t\t\t\t\t\tcallback: cb\r\n\t\t\t\t\t}\r\n\t\t\t\t);\r\n\t\t\t}\r\n\t\t}\r\n\t}\r\n})();\r\n<\/script><!-- Mailchimp for WordPress v4.8 - https:\/\/adegacravo.pt\/\/adegacravo.pt\/\/wordpress.org\/plugins\/mailchimp-for-wp\/ --><form id=\"mc4wp-form-1\" class=\"mc4wp-form mc4wp-form-624\" method=\"post\" data-id=\"624\" data-name=\"form1\" action=\"\"><div class=\"mc4wp-form-fields\"><div class=\"sc_emailer\">    \r\n    <input type=\"email\" name=\"EMAIL\" placeholder=\"E-mail\" required=\"\" class=\"sc_emailer_input\" autocomplete=\"off\">\r\n    <button type=\"submit\" class=\"sc_emailer_button icon-arrow\"><\/button>  \t\r\n<\/div>\r\n<\/div><label style=\"display: none !important;\">Leave this field empty if you're human: <input type=\"text\" name=\"_mc4wp_honeypot\" value=\"\" tabindex=\"-1\" autocomplete=\"off\"><\/label><input type=\"hidden\" name=\"_mc4wp_timestamp\" value=\"1596447113\"><input type=\"hidden\" name=\"_mc4wp_form_id\" value=\"624\"><input type=\"hidden\" name=\"_mc4wp_form_element_id\" value=\"mc4wp-form-1\"><div class=\"mc4wp-response\"><\/div><input type=\"hidden\" name=\"trp-form-language\" value=\"en\"\/><\/form><!-- \/ Mailchimp for WordPress Plugin -->\r\n\r\n\t\t<\/div>\t\t<\/div>\n\t\t\t\t<\/div>\n\t\t\t\t\t<\/div>\n\t\t<\/div>\n\t\t\t\t\t<\/div>\n\t\t<\/section>\n\t\t\t\t\t<\/div>\n\t\t<\/div>\n\t\t\t\t\t<\/div>\n\t\t<\/section>\n\t\t\t\t<\/div>","protected":false},"excerpt":{"rendered":"<p>Quatro Cravos Quatro Cravos is a wine producer focused on creating quality wines with Protected Designation of Origin (Denomina\u00e7\u00e3o de Origem Protegida \u2013 DOP) Bairrada and Protected Geographical Indication (Identifica\u00e7\u00e3o Geogr\u00e1fica Protegida \u2013 IGP) Beira Atl\u00e2ntico Quatro Cravos is responsible for the wine-growing management of two vineyards in the Bairrada region: \u201cAdega Original\u201d and \u201cAdega [&hellip;]<\/p>","protected":false},"author":990004,"featured_media":0,"parent":0,"menu_order":0,"comment_status":"closed","ping_status":"closed","template":"","meta":{"footnotes":""},"_links":{"self":[{"href":"https:\/\/quatrocravos.com\/en\/wp-json\/wp\/v2\/pages\/2850"}],"collection":[{"href":"https:\/\/quatrocravos.com\/en\/wp-json\/wp\/v2\/pages"}],"about":[{"href":"https:\/\/quatrocravos.com\/en\/wp-json\/wp\/v2\/types\/page"}],"author":[{"embeddable":true,"href":"https:\/\/quatrocravos.com\/en\/wp-json\/wp\/v2\/users\/990004"}],"replies":[{"embeddable":true,"href":"https:\/\/quatrocravos.com\/en\/wp-json\/wp\/v2\/comments?post=2850"}],"version-history":[{"count":12,"href":"https:\/\/quatrocravos.com\/en\/wp-json\/wp\/v2\/pages\/2850\/revisions"}],"predecessor-version":[{"id":3602,"href":"https:\/\/quatrocravos.com\/en\/wp-json\/wp\/v2\/pages\/2850\/revisions\/3602"}],"wp:attachment":[{"href":"https:\/\/quatrocravos.com\/en\/wp-json\/wp\/v2\/media?parent=2850"}],"curies":[{"name":"wp","href":"https:\/\/api.w.org\/{rel}","templated":true}]}}