{"id":1926,"date":"2020-08-31T13:36:17","date_gmt":"2020-08-31T13:36:17","guid":{"rendered":"http:\/\/positivewine.com\/?page_id=1926"},"modified":"2020-08-31T13:36:17","modified_gmt":"2020-08-31T13:36:17","slug":"distribuidores","status":"publish","type":"page","link":"https:\/\/quatrocravos.com\/en\/distribuidores\/","title":{"rendered":"Distribuidores"},"content":{"rendered":"<section class=\"wpb-content-wrapper\"><div class=\"vc_row wpb_row vc_row-fluid\"><div class=\"wpb_column vc_column_container vc_col-sm-12\"><div class=\"vc_column-inner\"><div class=\"wpb_wrapper\"><div class=\"sc_section section_style_underline aligncenter\"><div class=\"sc_section_inner\"><h6 class=\"sc_section_subtitle sc_item_subtitle\">Distribuidores<\/h6><h3 class=\"sc_section_title sc_item_title\">Positivewine<\/h3><div class=\"sc_section_descr sc_item_descr\">Com a ajuda dos nossos distribuidores, fazemos mais por si.<\/div><div class=\"sc_section_content_wrap\"><\/div><\/div><\/div><\/div><\/div><\/div><\/div><div class=\"vc_row wpb_row vc_row-fluid vc_custom_1592824959636 vc_row-o-content-middle vc_row-flex\"><div class=\"wpb_column vc_column_container vc_col-sm-6\"><div class=\"vc_column-inner\"><div class=\"wpb_wrapper\">\n\t<div class=\"wpb_text_column wpb_content_element\" >\n\t\t<div class=\"wpb_wrapper\">\n\t\t\t<p>A empresa faz a gest\u00e3o vertical de duas adegas na regi\u00e3o da bairrada: \u201cAdega Original\u201d e \u201cAdega Quatro Cravos\u201d.<\/p>\n<p>As vinhas das castas Maria-Gomes, Arinto e Bical est\u00e3o plantadas em diferentes tipos de solos, compreendendo os argilosos, os calc\u00e1rios pardos de margas e os solos incipientes e arenosos na orla mais atl\u00e2ntica da regi\u00e3o bairradina.<\/p>\n<p>Os vinhos s\u00e3o vinificados pela empresa a partir de uvas produzidas nas propriedades das suas adegas e tamb\u00e9m das adquiridas a produtores certificados da regi\u00e3o. As caracter\u00edsticas dos solos nas regi\u00f5es onde est\u00e3o localizadas as adegas originam vinhos diferenciados, com equil\u00edbrio e sofistica\u00e7\u00e3o arom\u00e1tica no interior e com leveza e vigor nas zonas do litoral.<\/p>\n<p>As marcas s\u00e3o apresentadas no mercado com a chancela \u201cBy Positivewine\u201d como compromisso de garantia de qualidade e para assumir a responsabilidade institucional da empresa com os seus produtos.<\/p>\n\n\t\t<\/div>\n\t<\/div>\n<\/div><\/div><\/div><div class=\"wpb_column vc_column_container vc_col-sm-6\"><div class=\"vc_column-inner\"><div class=\"wpb_wrapper\">\n\t<div  class=\"wpb_single_image wpb_content_element vc_align_center\">\n\t\t\n\t\t<figure class=\"wpb_wrapper vc_figure\">\n\t\t\t<div class=\"vc_single_image-wrapper   vc_box_border_grey\"><img fetchpriority=\"high\" decoding=\"async\" width=\"800\" height=\"500\" src=\"https:\/\/quatrocravos.com\/wp-content\/uploads\/2020\/06\/sn_vinhas.jpg\" class=\"vc_single_image-img attachment-full\" alt=\"\" title=\"sn_vinhas\" srcset=\"https:\/\/quatrocravos.com\/wp-content\/uploads\/2020\/06\/sn_vinhas.jpg 800w, https:\/\/quatrocravos.com\/wp-content\/uploads\/2020\/06\/sn_vinhas-300x188.jpg 300w, https:\/\/quatrocravos.com\/wp-content\/uploads\/2020\/06\/sn_vinhas-768x480.jpg 768w, https:\/\/quatrocravos.com\/wp-content\/uploads\/2020\/06\/sn_vinhas-18x12.jpg 18w\" sizes=\"(max-width: 800px) 100vw, 800px\" \/><\/div>\n\t\t<\/figure>\n\t<\/div>\n<\/div><\/div><\/div><\/div>\n<\/section>","protected":false},"excerpt":{"rendered":"DistribuidoresPositivewineCom a ajuda dos nossos distribuidores, fazemos mais por si. A empresa faz a gest\u00e3o vertical de duas adegas na regi\u00e3o da bairrada: \u201cAdega Original\u201d e \u201cAdega Quatro Cravos\u201d. As vinhas das castas Maria-Gomes, Arinto e Bical est\u00e3o plantadas em diferentes tipos de solos, compreendendo os argilosos, os calc\u00e1rios pardos de margas e os solos [...]","protected":false},"author":990004,"featured_media":0,"parent":0,"menu_order":0,"comment_status":"closed","ping_status":"closed","template":"","meta":{"footnotes":""},"_links":{"self":[{"href":"https:\/\/quatrocravos.com\/en\/wp-json\/wp\/v2\/pages\/1926"}],"collection":[{"href":"https:\/\/quatrocravos.com\/en\/wp-json\/wp\/v2\/pages"}],"about":[{"href":"https:\/\/quatrocravos.com\/en\/wp-json\/wp\/v2\/types\/page"}],"author":[{"embeddable":true,"href":"https:\/\/quatrocravos.com\/en\/wp-json\/wp\/v2\/users\/990004"}],"replies":[{"embeddable":true,"href":"https:\/\/quatrocravos.com\/en\/wp-json\/wp\/v2\/comments?post=1926"}],"version-history":[{"count":1,"href":"https:\/\/quatrocravos.com\/en\/wp-json\/wp\/v2\/pages\/1926\/revisions"}],"predecessor-version":[{"id":1927,"href":"https:\/\/quatrocravos.com\/en\/wp-json\/wp\/v2\/pages\/1926\/revisions\/1927"}],"wp:attachment":[{"href":"https:\/\/quatrocravos.com\/en\/wp-json\/wp\/v2\/media?parent=1926"}],"curies":[{"name":"wp","href":"https:\/\/api.w.org\/{rel}","templated":true}]}}