{"id":161,"date":"2016-05-10T07:35:27","date_gmt":"2016-05-10T07:35:27","guid":{"rendered":"http:\/\/jardiwinery.ancorathemes.com\/?page_id=161"},"modified":"2024-06-18T09:32:21","modified_gmt":"2024-06-18T09:32:21","slug":"contactos","status":"publish","type":"page","link":"https:\/\/quatrocravos.com\/en\/contactos\/","title":{"rendered":"CONTACTS"},"content":{"rendered":"<section class=\"wpb-content-wrapper\">\t\t<div data-elementor-type=\"wp-page\" data-elementor-id=\"161\" class=\"elementor elementor-161\">\n\t\t\t\t\t\t<section class=\"elementor-section elementor-top-section elementor-element elementor-element-432d6157 elementor-section-boxed elementor-section-height-default elementor-section-height-default\" data-id=\"432d6157\" data-element_type=\"section\">\n\t\t\t\t\t\t<div class=\"elementor-container elementor-column-gap-default\">\n\t\t\t\t\t<div class=\"elementor-column elementor-col-100 elementor-top-column elementor-element elementor-element-4215be19\" data-id=\"4215be19\" data-element_type=\"column\">\n\t\t\t<div class=\"elementor-widget-wrap elementor-element-populated\">\n\t\t\t\t\t\t<div class=\"elementor-element elementor-element-3c79bf68 elementor-widget elementor-widget-text-editor\" data-id=\"3c79bf68\" data-element_type=\"widget\" data-widget_type=\"text-editor.default\">\n\t\t\t\t<div class=\"elementor-widget-container\">\n\t\t\t\t\t\t\t<div data-vc-full-width=\"true\" data-vc-full-width-init=\"false\" data-vc-stretch-content=\"true\" class=\"vc_row wpb_row vc_row-fluid vc_custom_1592824403383 vc_row-no-padding\"><div class=\"wpb_column vc_column_container vc_col-sm-12\"><div class=\"vc_column-inner\"><div class=\"wpb_wrapper\">\n\t<div class=\"wpb_raw_code wpb_content_element wpb_raw_html\" >\n\t\t<div class=\"wpb_wrapper\">\n\t\t\t<iframe src=\"https:\/\/www.google.com\/maps\/embed?pb=!1m18!1m12!1m3!1d3034.757078496306!2d-8.54485538460212!3d40.48063887935776!2m3!1f0!2f0!3f0!3m2!1i1024!2i768!4f13.1!3m3!1m2!1s0x0%3A0x0!2zNDDCsDI4JzUwLjMiTiA4wrAzMiczMy42Ilc!5e0!3m2!1spt-PT!2spt!4v1599492495576!5m2!1spt-PT!2spt\" width=\"100%\" height=\"450\" frameborder=\"0\" style=\"border:0;\" allowfullscreen=\"\" aria-hidden=\"false\" tabindex=\"0\"><\/iframe>\n\t\t<\/div>\n\t<\/div>\n<\/div><\/div><\/div><\/div><div class=\"vc_row-full-width vc_clearfix\"><\/div><div class=\"vc_row wpb_row vc_row-fluid\"><div class=\"wpb_column vc_column_container vc_col-sm-12\"><div class=\"vc_column-inner\"><div class=\"wpb_wrapper\"><div class=\"columns_wrap sc_columns columns_nofluid sc_columns_count_2 margin_top_large margin_bottom_small\"><div class=\"column-1_2 sc_column_item sc_column_item_1 odd first\"><div class=\"sc_section sc_section_block  section_style_contact\" style=\"background-color:#ffffff;\"><div class=\"sc_section_inner\"><div class=\"sc_section_overlay\" style=\"\"><div class=\"sc_section_content padding_on\" style=\"\"><h6 class=\"sc_section_subtitle sc_item_subtitle\">Adress<\/h6><div class=\"sc_section_descr sc_item_descr\"><b>Headquarters:<\/b><br>3780-011 Amoreira da G\u00e2ndara \u2013 Anadia<\/div><div class=\"sc_section_content_wrap\"><\/div><\/div><\/div><\/div><\/div><\/div><div class=\"column-1_2 sc_column_item sc_column_item_2 even\"><div class=\"sc_section sc_section_block  section_style_contact\" style=\"background-color:#ffffff;\"><div class=\"sc_section_inner\"><div class=\"sc_section_overlay\" style=\"\"><div class=\"sc_section_content padding_on\" style=\"\"><h6 class=\"sc_section_subtitle sc_item_subtitle\">CONTACTS<\/h6><div class=\"sc_section_descr sc_item_descr\">+351 231 096 020 (national fixed line call)<br>info@quatrocravos.com<br><\/div><div class=\"sc_section_content_wrap\"><\/div><\/div><\/div><\/div><\/div><\/div><\/div><\/div><\/div><\/div><\/div><div class=\"vc_row wpb_row vc_row-fluid vc_custom_1592824694236\"><div class=\"contact_us wpb_column vc_column_container vc_col-sm-12\"><div class=\"vc_column-inner\"><div class=\"wpb_wrapper\"><h6 class=\"sc_title sc_title_regular sc_align_center sc_form_subtitle sc_item_subtitle\" style=\"text-align:center;\">Any questions?<\/h6><h3 class=\"sc_title sc_title_regular sc_align_center\" style=\"text-align:center;\">Get in touch<\/h3><\/div><\/div><\/div><div class=\"wpb_column vc_column_container vc_col-sm-12\"><div class=\"vc_column-inner\"><div class=\"wpb_wrapper\"><div class=\"vc_row wpb_row vc_inner vc_row-fluid\"><div class=\"wpb_column vc_column_container vc_col-sm-4\"><div class=\"vc_column-inner\"><div class=\"wpb_wrapper\"><\/div><\/div><\/div><div class=\"wpb_column vc_column_container vc_col-sm-4\"><div class=\"vc_column-inner\"><div class=\"wpb_wrapper\">\n<div class=\"wpcf7 no-js\" id=\"wpcf7-f659-o1\" lang=\"en-US\" dir=\"ltr\">\n<div class=\"screen-reader-response\"><p role=\"status\" aria-live=\"polite\" aria-atomic=\"true\"><\/p> <ul><\/ul><\/div>\n<form action=\"\/en\/wp-json\/wp\/v2\/pages\/161#wpcf7-f659-o1\" method=\"post\" class=\"wpcf7-form init\" aria-label=\"Contact form\" novalidate=\"novalidate\" data-status=\"init\" data-trp-original-action=\"\/en\/wp-json\/wp\/v2\/pages\/161#wpcf7-f659-o1\">\n<div style=\"display: none;\">\n<input type=\"hidden\" name=\"_wpcf7\" value=\"659\" \/>\n<input type=\"hidden\" name=\"_wpcf7_version\" value=\"5.8.7\" \/>\n<input type=\"hidden\" name=\"_wpcf7_locale\" value=\"en_US\" \/>\n<input type=\"hidden\" name=\"_wpcf7_unit_tag\" value=\"wpcf7-f659-o1\" \/>\n<input type=\"hidden\" name=\"_wpcf7_container_post\" value=\"0\" \/>\n<input type=\"hidden\" name=\"_wpcf7_posted_data_hash\" value=\"\" \/>\n<\/div>\n<div class=\"flex\">\n\t<div class='itm row' >\n\t\t<p><span class=\"wpcf7-form-control-wrap\" data-name=\"your-name\"><input size=\"40\" class=\"wpcf7-form-control wpcf7-text wpcf7-validates-as-required\" aria-required=\"true\" aria-invalid=\"false\" placeholder=\"Name*\" value=\"\" type=\"text\" name=\"your-name\" \/><\/span>\n\t\t<\/p>\n\t<\/div>\n\t<div class='itm row'>\n\t\t<p><span class=\"wpcf7-form-control-wrap\" data-name=\"your-email\"><input size=\"40\" class=\"wpcf7-form-control wpcf7-email wpcf7-validates-as-required wpcf7-text wpcf7-validates-as-email\" aria-required=\"true\" aria-invalid=\"false\" placeholder=\"E-mail*\" value=\"\" type=\"email\" name=\"your-email\" \/><\/span>\n\t\t<\/p>\n\t<\/div>\n<\/div>\n<div class=''>\n\t<p><span class=\"wpcf7-form-control-wrap\" data-name=\"your-message\"><textarea cols=\"40\" rows=\"10\" class=\"wpcf7-form-control wpcf7-textarea wpcf7-validates-as-required\" aria-required=\"true\" aria-invalid=\"false\" placeholder=\"Message*\" name=\"your-message\"><\/textarea><\/span>\n\t<\/p>\n<\/div>\n<p><span class=\"wpcf7-form-control-wrap\" data-name=\"acceptance-157\"><span class=\"wpcf7-form-control wpcf7-acceptance\"><span class=\"wpcf7-list-item\"><label><input type=\"checkbox\" name=\"acceptance-157\" value=\"1\" aria-invalid=\"false\" \/><span class=\"wpcf7-list-item-label\">I accept Quatro Cravos Terms and Conditions.<\/span><\/label><\/span><\/span><\/span>\n<\/p>\n<div class=\"sc_form_field sc_form_field_button sc_form_field_submit\">\n\t<p><input class=\"wpcf7-form-control wpcf7-submit has-spinner\" type=\"submit\" value=\"Send\" \/>\n\t<\/p>\n<\/div><div class=\"wpcf7-response-output\" aria-hidden=\"true\"><\/div>\n<input type=\"hidden\" name=\"trp-form-language\" value=\"en\"\/><\/form>\n<\/div>\n<\/div><\/div><\/div><div class=\"wpb_column vc_column_container vc_col-sm-4\"><div class=\"vc_column-inner\"><div class=\"wpb_wrapper\"><\/div><\/div><\/div><\/div><div class=\"vc_row wpb_row vc_inner vc_row-fluid\"><div class=\"wpb_column vc_column_container vc_col-sm-12\"><div class=\"vc_column-inner\"><div class=\"wpb_wrapper\">\n\t<div class=\"wpb_text_column wpb_content_element  vc_custom_1596443451149\" >\n\t\t<div class=\"wpb_wrapper\">\n\t\t\t<p>We respect your privacy and will only use your data to administer your account and provide only the content you request.<br \/>By clicking on the&nbsp;<strong>SEND MESSAGE<\/strong>You agree to keep in touch with us for this purpose.<\/p>\n<p class=\" translation-block\"><strong>Privacy Policy:<\/strong><br>\u2022 The personal data filled in on the contact forms or other forms on the website are used only to respond to the customer's request and only that, and are not used for any databases or other purposes.<\/p>\n<p><strong>Data Protection Policy:<\/strong><br \/>- For our company the protection of customer data is fundamental, fully agreeing with the new European Law and others that will come, in this sense we have made an investment where we have installed an SSL certificate with dedicated IP that encrypts any information placed on the website, you can notice that our site has the indication of&nbsp;<span style=\"color: #008000;\">Secure connection<\/span>.<\/p>\n<p><strong>Cookie Policy:<\/strong><br \/>- The cookies used on the website are only Essential Cookies, these cookies are essential to access the pages of the site and only allow navigation on the site, not collecting any user or browsing data.<\/p>\n\n\t\t<\/div>\n\t<\/div>\n<\/div><\/div><\/div><\/div><\/div><\/div><\/div><\/div><div data-vc-full-width=\"true\" data-vc-full-width-init=\"false\" class=\"vc_row wpb_row vc_row-fluid vc_custom_1462545005749 vc_row-has-fill\"><div class=\"wpb_column vc_column_container vc_col-sm-12\"><div class=\"vc_column-inner\"><div class=\"wpb_wrapper\"><div class=\"columns_wrap sc_columns columns_nofluid sc_columns_count_2 margin_top_medium\" style=\"margin-bottom: 1.55rem;\"><div class=\"column-1_2 sc_column_item sc_column_item_1 odd first\"><h4 class=\"sc_title sc_title_regular sc_align_left\" style=\"margin-bottom: -4px;margin-top: -4px;text-align:left;color:#ffffff;\">Subscreva a Newsletter<\/h4><div class=\"sc_section sc_section_block\"><div class=\"sc_section_inner\"><div class=\"sc_section_content_wrap\"><span class=\"sc_highlight\" style=\"color:#ffffff;\">Receive all our news in your e-mail.<\/span><\/div><\/div><\/div><\/div><div class=\"column-1_2 sc_column_item sc_column_item_2 even\"><div class=\"sc_section margin_top_null margin_right_null margin_bottom_null margin_left_null alignright\" style=\"max-width: 370px;\"><div class=\"sc_section_inner\"><div class=\"sc_section_content_wrap\">\n\t<div class=\"wpb_text_column wpb_content_element\" >\n\t\t<div class=\"wpb_wrapper\">\n\t\t\t<script>(function() {\n\twindow.mc4wp = window.mc4wp || {\n\t\tlisteners: [],\n\t\tforms: {\n\t\t\ton: function(evt, cb) {\n\t\t\t\twindow.mc4wp.listeners.push(\n\t\t\t\t\t{\n\t\t\t\t\t\tevent   : evt,\n\t\t\t\t\t\tcallback: cb\n\t\t\t\t\t}\n\t\t\t\t);\n\t\t\t}\n\t\t}\n\t}\n})();\n<\/script><!-- Mailchimp for WordPress v4.9.11 - https:\/\/wordpress.org\/plugins\/mailchimp-for-wp\/ --><form id=\"mc4wp-form-1\" class=\"mc4wp-form mc4wp-form-624\" method=\"post\" data-id=\"624\" data-name=\"form1\" action=\"\" ><div class=\"mc4wp-form-fields\"><div class=\"sc_emailer\">    \r\n    <input type=\"email\" name=\"EMAIL\" placeholder=\"E-mail\" required class=\"sc_emailer_input\" autocomplete=\"off\"\/>\r\n    <button type=\"submit\" class=\"sc_emailer_button icon-arrow\"><\/button>  \t\r\n<\/div>\r\n<\/div><label style=\"display: none !important;\">Leave this field empty if you&#8217;re human: <input type=\"text\" name=\"_mc4wp_honeypot\" value=\"\" tabindex=\"-1\" autocomplete=\"off\" \/><\/label><input type=\"hidden\" name=\"_mc4wp_timestamp\" value=\"1777585226\" \/><input type=\"hidden\" name=\"_mc4wp_form_id\" value=\"624\" \/><input type=\"hidden\" name=\"_mc4wp_form_element_id\" value=\"mc4wp-form-1\" \/><div class=\"mc4wp-response\"><\/div><input type=\"hidden\" name=\"trp-form-language\" value=\"en\"\/><\/form><!-- \/ Mailchimp for WordPress Plugin -->\n\n\t\t<\/div>\n\t<\/div>\n<\/div><\/div><\/div><\/div><\/div><\/div><\/div><\/div><\/div><div class=\"vc_row-full-width vc_clearfix\"><\/div>\t\t\t\t\t\t<\/div>\n\t\t\t\t<\/div>\n\t\t\t\t\t<\/div>\n\t\t<\/div>\n\t\t\t\t\t<\/div>\n\t\t<\/section>\n\t\t\t\t<\/div>\n\t\t<\/section>","protected":false},"excerpt":{"rendered":"MoradaSede:3780-011 Amoreira da G\u00e2ndara \u2013 AnadiaContactos+351 231 096 020 (chamada para rede fixa nacional)info@quatrocravos.comAlguma Quest\u00e3o?Entre em Contacto Aceito os Termos e Condi\u00e7\u00f5es da Positive Wine. Respeitamos a sua privacidade e s\u00f3 usaremos os seus dados para administrar a sua conta e fornecer apenas os conte\u00fados que solicitar.Ao clicar no bot\u00e3o&nbsp;ENVIAR MENSAGEM, est\u00e1 a concordar em [...]","protected":false},"author":990004,"featured_media":0,"parent":0,"menu_order":0,"comment_status":"closed","ping_status":"closed","template":"","meta":{"footnotes":""},"_links":{"self":[{"href":"https:\/\/quatrocravos.com\/en\/wp-json\/wp\/v2\/pages\/161"}],"collection":[{"href":"https:\/\/quatrocravos.com\/en\/wp-json\/wp\/v2\/pages"}],"about":[{"href":"https:\/\/quatrocravos.com\/en\/wp-json\/wp\/v2\/types\/page"}],"author":[{"embeddable":true,"href":"https:\/\/quatrocravos.com\/en\/wp-json\/wp\/v2\/users\/990004"}],"replies":[{"embeddable":true,"href":"https:\/\/quatrocravos.com\/en\/wp-json\/wp\/v2\/comments?post=161"}],"version-history":[{"count":102,"href":"https:\/\/quatrocravos.com\/en\/wp-json\/wp\/v2\/pages\/161\/revisions"}],"predecessor-version":[{"id":6401,"href":"https:\/\/quatrocravos.com\/en\/wp-json\/wp\/v2\/pages\/161\/revisions\/6401"}],"wp:attachment":[{"href":"https:\/\/quatrocravos.com\/en\/wp-json\/wp\/v2\/media?parent=161"}],"curies":[{"name":"wp","href":"https:\/\/api.w.org\/{rel}","templated":true}]}}