{"id":1328,"date":"2020-08-03T09:23:36","date_gmt":"2020-08-03T09:23:36","guid":{"rendered":"http:\/\/positivewine.com\/?page_id=1328"},"modified":"2025-03-10T11:53:18","modified_gmt":"2025-03-10T11:53:18","slug":"enologo","status":"publish","type":"page","link":"https:\/\/quatrocravos.com\/en\/enologo\/","title":{"rendered":"Enologia"},"content":{"rendered":"<div data-elementor-type=\"wp-page\" data-elementor-id=\"1328\" class=\"elementor elementor-1328\">\n\t\t\t\t\t\t<section class=\"elementor-section elementor-top-section elementor-element elementor-element-3c13206f elementor-section-stretched elementor-section-boxed elementor-section-height-default elementor-section-height-default\" data-id=\"3c13206f\" data-element_type=\"section\" data-settings=\"{&quot;background_background&quot;:&quot;classic&quot;,&quot;stretch_section&quot;:&quot;section-stretched&quot;}\">\n\t\t\t\t\t\t<div class=\"elementor-container elementor-column-gap-default\">\n\t\t\t\t\t<div class=\"elementor-column elementor-col-100 elementor-top-column elementor-element elementor-element-2f109f96\" data-id=\"2f109f96\" data-element_type=\"column\" data-settings=\"{&quot;background_background&quot;:&quot;classic&quot;}\">\n\t\t\t<div class=\"elementor-widget-wrap elementor-element-populated\">\n\t\t\t\t\t\t<div class=\"elementor-element elementor-element-2e257785 elementor-widget elementor-widget-spacer\" data-id=\"2e257785\" data-element_type=\"widget\" data-widget_type=\"spacer.default\">\n\t\t\t\t<div class=\"elementor-widget-container\">\n\t\t\t\t\t<div class=\"elementor-spacer\">\n\t\t\t<div class=\"elementor-spacer-inner\"><\/div>\n\t\t<\/div>\n\t\t\t\t<\/div>\n\t\t\t\t<\/div>\n\t\t\t\t\t<\/div>\n\t\t<\/div>\n\t\t\t\t\t<\/div>\n\t\t<\/section>\n\t\t\t\t<section class=\"elementor-section elementor-top-section elementor-element elementor-element-10495bb4 elementor-section-content-middle elementor-section-stretched elementor-section-boxed elementor-section-height-default elementor-section-height-default\" data-id=\"10495bb4\" data-element_type=\"section\" data-settings=\"{&quot;background_background&quot;:&quot;classic&quot;,&quot;stretch_section&quot;:&quot;section-stretched&quot;}\">\n\t\t\t\t\t\t<div class=\"elementor-container elementor-column-gap-default\">\n\t\t\t\t\t<div class=\"elementor-column elementor-col-50 elementor-top-column elementor-element elementor-element-45e41145\" data-id=\"45e41145\" data-element_type=\"column\">\n\t\t\t<div class=\"elementor-widget-wrap elementor-element-populated\">\n\t\t\t\t\t\t<div class=\"elementor-element elementor-element-2f7cd66d elementor-widget elementor-widget-image\" data-id=\"2f7cd66d\" data-element_type=\"widget\" data-widget_type=\"image.default\">\n\t\t\t\t<div class=\"elementor-widget-container\">\n\t\t\t\t\t\t\t\t\t\t\t\t\t<img fetchpriority=\"high\" decoding=\"async\" width=\"566\" height=\"664\" src=\"https:\/\/quatrocravos.com\/wp-content\/uploads\/2025\/03\/Arminda_Enologa-E.jpg\" class=\"attachment-large size-large wp-image-6741\" alt=\"\" srcset=\"https:\/\/quatrocravos.com\/wp-content\/uploads\/2025\/03\/Arminda_Enologa-E.jpg 566w, https:\/\/quatrocravos.com\/wp-content\/uploads\/2025\/03\/Arminda_Enologa-E-256x300.jpg 256w, https:\/\/quatrocravos.com\/wp-content\/uploads\/2025\/03\/Arminda_Enologa-E-10x12.jpg 10w\" sizes=\"(max-width: 566px) 100vw, 566px\" \/>\t\t\t\t\t\t\t\t\t\t\t\t\t<\/div>\n\t\t\t\t<\/div>\n\t\t\t\t\t<\/div>\n\t\t<\/div>\n\t\t\t\t<div class=\"elementor-column elementor-col-50 elementor-top-column elementor-element elementor-element-4b27bfe4\" data-id=\"4b27bfe4\" data-element_type=\"column\">\n\t\t\t<div class=\"elementor-widget-wrap elementor-element-populated\">\n\t\t\t\t\t\t<div class=\"elementor-element elementor-element-532933de elementor-widget elementor-widget-heading\" data-id=\"532933de\" data-element_type=\"widget\" data-widget_type=\"heading.default\">\n\t\t\t\t<div class=\"elementor-widget-container\">\n\t\t\t<h2 class=\"elementor-heading-title elementor-size-default\">Arminda Ferreira is the winemaker at Quatro Cravos.<\/h2>\t\t<\/div>\n\t\t\t\t<\/div>\n\t\t\t\t<div class=\"elementor-element elementor-element-035e3dd elementor-widget elementor-widget-text-editor\" data-id=\"035e3dd\" data-element_type=\"widget\" data-widget_type=\"text-editor.default\">\n\t\t\t\t<div class=\"elementor-widget-container\">\n\t\t\t\t\t\t\t<p>With a vast knowledge of the Bairrada wine-growing region and its potential for producing quality sparkling and still wines, she has taken on the commitment to give prestige to the brands marketed by \u00abQuatro Cravos\u00bb at national and international level.<\/p><p><span style=\"font-size: 14px; color: var( --e-global-color-text );\">With more than 25 years' experience, she has left important work in different Portuguese wine regions. Throughout her professional career, her work in the prestigious Caves and Wineries of Bairrada, the region where she comes from, has been of great significance.<\/span><\/p><p><span style=\"font-size: 14px; color: var( --e-global-color-text );\">She has been involved in various national and international projects, as a consultant in Spain for the production of sparkling wine and in wine management on the African continent.<\/span><\/p><p><span style=\"font-size: 14px; color: var( --e-global-color-text );\">All her knowledge and experience has led her to become a permanent taster at the Bairrada Wine Commission and a guest lecturer at various vocational and higher education schools.<\/span><\/p>\t\t\t\t\t\t<\/div>\n\t\t\t\t<\/div>\n\t\t\t\t\t<\/div>\n\t\t<\/div>\n\t\t\t\t\t<\/div>\n\t\t<\/section>\n\t\t\t\t<section class=\"elementor-section elementor-top-section elementor-element elementor-element-0e141b4 elementor-section-stretched elementor-section-content-middle elementor-section-boxed elementor-section-height-default elementor-section-height-default\" data-id=\"0e141b4\" data-element_type=\"section\" data-settings=\"{&quot;stretch_section&quot;:&quot;section-stretched&quot;,&quot;background_background&quot;:&quot;classic&quot;}\">\n\t\t\t\t\t\t<div class=\"elementor-container elementor-column-gap-default\">\n\t\t\t\t\t<div class=\"elementor-column elementor-col-50 elementor-top-column elementor-element elementor-element-644188f\" data-id=\"644188f\" data-element_type=\"column\">\n\t\t\t<div class=\"elementor-widget-wrap elementor-element-populated\">\n\t\t\t\t\t\t<div class=\"elementor-element elementor-element-b1cfaac elementor-widget elementor-widget-heading\" data-id=\"b1cfaac\" data-element_type=\"widget\" data-widget_type=\"heading.default\">\n\t\t\t\t<div class=\"elementor-widget-container\">\n\t\t\t<h4 class=\"elementor-heading-title elementor-size-default\">Subscribe to the Newsletter<\/h4>\t\t<\/div>\n\t\t\t\t<\/div>\n\t\t\t\t<div class=\"elementor-element elementor-element-2ad41cc elementor-widget elementor-widget-text-editor\" data-id=\"2ad41cc\" data-element_type=\"widget\" data-widget_type=\"text-editor.default\">\n\t\t\t\t<div class=\"elementor-widget-container\">\n\t\t\t\t\t\t\t<p>Receive all our news in your e-mail.<\/p>\t\t\t\t\t\t<\/div>\n\t\t\t\t<\/div>\n\t\t\t\t\t<\/div>\n\t\t<\/div>\n\t\t\t\t<div class=\"elementor-column elementor-col-50 elementor-top-column elementor-element elementor-element-a98f5ba\" data-id=\"a98f5ba\" data-element_type=\"column\">\n\t\t\t<div class=\"elementor-widget-wrap elementor-element-populated\">\n\t\t\t\t\t\t<div class=\"elementor-element elementor-element-5505627 elementor-widget elementor-widget-html\" data-id=\"5505627\" data-element_type=\"widget\" data-widget_type=\"html.default\">\n\t\t\t\t<div class=\"elementor-widget-container\">\n\t\t\t<div class=\"wpb_wrapper\">\r\n\t\t\t<script>(function() {\r\n\twindow.mc4wp = window.mc4wp || {\r\n\t\tlisteners: [],\r\n\t\tforms: {\r\n\t\t\ton: function(evt, cb) {\r\n\t\t\t\twindow.mc4wp.listeners.push(\r\n\t\t\t\t\t{\r\n\t\t\t\t\t\tevent   : evt,\r\n\t\t\t\t\t\tcallback: cb\r\n\t\t\t\t\t}\r\n\t\t\t\t);\r\n\t\t\t}\r\n\t\t}\r\n\t}\r\n})();\r\n<\/script><!-- Mailchimp for WordPress v4.8 - https:\/\/adegacravo.pt\/\/adegacravo.pt\/\/wordpress.org\/plugins\/mailchimp-for-wp\/ --><form id=\"mc4wp-form-1\" class=\"mc4wp-form mc4wp-form-624\" method=\"post\" data-id=\"624\" data-name=\"form1\" action=\"\"><div class=\"mc4wp-form-fields\"><div class=\"sc_emailer\">    \r\n    <input type=\"email\" name=\"EMAIL\" placeholder=\"E-mail\" required=\"\" class=\"sc_emailer_input\" autocomplete=\"off\">\r\n    <button type=\"submit\" class=\"sc_emailer_button icon-arrow\"><\/button>  \t\r\n<\/div>\r\n<\/div><label style=\"display: none !important;\">Leave this field empty if you're human: <input type=\"text\" name=\"_mc4wp_honeypot\" value=\"\" tabindex=\"-1\" autocomplete=\"off\"><\/label><input type=\"hidden\" name=\"_mc4wp_timestamp\" value=\"1596447113\"><input type=\"hidden\" name=\"_mc4wp_form_id\" value=\"624\"><input type=\"hidden\" name=\"_mc4wp_form_element_id\" value=\"mc4wp-form-1\"><div class=\"mc4wp-response\"><\/div><input type=\"hidden\" name=\"trp-form-language\" value=\"en\"\/><\/form><!-- \/ Mailchimp for WordPress Plugin -->\r\n\r\n\t\t<\/div>\t\t<\/div>\n\t\t\t\t<\/div>\n\t\t\t\t\t<\/div>\n\t\t<\/div>\n\t\t\t\t\t<\/div>\n\t\t<\/section>\n\t\t\t\t<\/div>","protected":false},"excerpt":{"rendered":"<p>Arminda Ferreira \u00e9 a en\u00f3loga da Quatro Cravos. Com vasto conhecimento da regi\u00e3o vitivin\u00edcola da Bairrada e do seu potencial na produ\u00e7\u00e3o de vinhos efervescentes e vinhos tranquilos de qualidade, assumiu o compromisso de prestigiar as marcas comercializadas pela \u00abQuatro Cravos\u00bb a n\u00edvel nacional e internacional. Com mais de 25 anos de experi\u00eancia, deixou trabalho [&hellip;]<\/p>","protected":false},"author":990004,"featured_media":0,"parent":0,"menu_order":0,"comment_status":"closed","ping_status":"closed","template":"","meta":{"footnotes":""},"_links":{"self":[{"href":"https:\/\/quatrocravos.com\/en\/wp-json\/wp\/v2\/pages\/1328"}],"collection":[{"href":"https:\/\/quatrocravos.com\/en\/wp-json\/wp\/v2\/pages"}],"about":[{"href":"https:\/\/quatrocravos.com\/en\/wp-json\/wp\/v2\/types\/page"}],"author":[{"embeddable":true,"href":"https:\/\/quatrocravos.com\/en\/wp-json\/wp\/v2\/users\/990004"}],"replies":[{"embeddable":true,"href":"https:\/\/quatrocravos.com\/en\/wp-json\/wp\/v2\/comments?post=1328"}],"version-history":[{"count":43,"href":"https:\/\/quatrocravos.com\/en\/wp-json\/wp\/v2\/pages\/1328\/revisions"}],"predecessor-version":[{"id":6744,"href":"https:\/\/quatrocravos.com\/en\/wp-json\/wp\/v2\/pages\/1328\/revisions\/6744"}],"wp:attachment":[{"href":"https:\/\/quatrocravos.com\/en\/wp-json\/wp\/v2\/media?parent=1328"}],"curies":[{"name":"wp","href":"https:\/\/api.w.org\/{rel}","templated":true}]}}