{"id":1145,"date":"2020-07-28T15:26:46","date_gmt":"2020-07-28T15:26:46","guid":{"rendered":"http:\/\/positivewine.com\/?page_id=1145"},"modified":"2024-02-14T17:30:41","modified_gmt":"2024-02-14T17:30:41","slug":"a-regiao-da-bairrada","status":"publish","type":"page","link":"https:\/\/quatrocravos.com\/en\/a-regiao-da-bairrada\/","title":{"rendered":"THE BAIRRADA REGION"},"content":{"rendered":"<div data-elementor-type=\"wp-page\" data-elementor-id=\"1145\" class=\"elementor elementor-1145\">\n\t\t\t\t\t\t<section class=\"elementor-section elementor-top-section elementor-element elementor-element-8264d9a elementor-section-stretched elementor-section-content-middle elementor-section-boxed elementor-section-height-default elementor-section-height-default\" data-id=\"8264d9a\" data-element_type=\"section\" data-settings=\"{&quot;stretch_section&quot;:&quot;section-stretched&quot;,&quot;background_background&quot;:&quot;classic&quot;}\">\n\t\t\t\t\t\t<div class=\"elementor-container elementor-column-gap-default\">\n\t\t\t\t\t<div class=\"elementor-column elementor-col-50 elementor-top-column elementor-element elementor-element-7d8b319\" data-id=\"7d8b319\" data-element_type=\"column\">\n\t\t\t<div class=\"elementor-widget-wrap elementor-element-populated\">\n\t\t\t\t\t\t<div class=\"elementor-element elementor-element-ab3e7c0 elementor-widget elementor-widget-image\" data-id=\"ab3e7c0\" data-element_type=\"widget\" data-widget_type=\"image.default\">\n\t\t\t\t<div class=\"elementor-widget-container\">\n\t\t\t\t\t\t\t\t\t\t\t\t\t<img fetchpriority=\"high\" decoding=\"async\" width=\"275\" height=\"315\" src=\"https:\/\/quatrocravos.com\/wp-content\/uploads\/2020\/07\/img.jpg\" class=\"attachment-large size-large wp-image-1151\" alt=\"\" srcset=\"https:\/\/quatrocravos.com\/wp-content\/uploads\/2020\/07\/img.jpg 275w, https:\/\/quatrocravos.com\/wp-content\/uploads\/2020\/07\/img-262x300.jpg 262w, https:\/\/quatrocravos.com\/wp-content\/uploads\/2020\/07\/img-10x12.jpg 10w\" sizes=\"(max-width: 275px) 100vw, 275px\" \/>\t\t\t\t\t\t\t\t\t\t\t\t\t<\/div>\n\t\t\t\t<\/div>\n\t\t\t\t<div class=\"elementor-element elementor-element-1d3e021 elementor-widget elementor-widget-text-editor\" data-id=\"1d3e021\" data-element_type=\"widget\" data-widget_type=\"text-editor.default\">\n\t\t\t\t<div class=\"elementor-widget-container\">\n\t\t\t\t\t\t\t<p style=\"text-align: center;\">The red grape varieties most commonly planted in our vineyards are Baga and Touriga Nacional, <em>Tinta Roriz e Castel\u00e3o.<\/em><\/p><p style=\"text-align: center;\">The white grape varieties most commonly planted in our vineyards are Bical, Maria-Gomes, Arinto and Cercial.<\/p>\t\t\t\t\t\t<\/div>\n\t\t\t\t<\/div>\n\t\t\t\t\t<\/div>\n\t\t<\/div>\n\t\t\t\t<div class=\"elementor-column elementor-col-50 elementor-top-column elementor-element elementor-element-cb971c6\" data-id=\"cb971c6\" data-element_type=\"column\">\n\t\t\t<div class=\"elementor-widget-wrap elementor-element-populated\">\n\t\t\t\t\t\t<div class=\"elementor-element elementor-element-6583e9a elementor-widget elementor-widget-text-editor\" data-id=\"6583e9a\" data-element_type=\"widget\" data-widget_type=\"text-editor.default\">\n\t\t\t\t<div class=\"elementor-widget-container\">\n\t\t\t\t\t\t\t<p><strong>THE VINEYARDS<\/strong><\/p><p>The vineyards of our wineries are located in Bairrada, between the Bu\u00e7aco mountain range and the beaches of the Atlantic coastline, running in an arc from north to south, starting in the town of Troviscal in the municipality of Oliveira do Bairro, in the direction of S\u00e3o Louren\u00e7o do Bairro in the municipality of Anadia and continuing towards Cantanhede.<\/p><p>Bairrada has a mild, maritime climate with fogs and abundant rainfall caused by the proximity of the Atlantic Ocean, which influence the ripening of the grapes in a different way to all other wine regions.<\/p>\t\t\t\t\t\t<\/div>\n\t\t\t\t<\/div>\n\t\t\t\t\t<\/div>\n\t\t<\/div>\n\t\t\t\t\t<\/div>\n\t\t<\/section>\n\t\t\t\t<section class=\"elementor-section elementor-top-section elementor-element elementor-element-03a1866 elementor-section-stretched elementor-section-content-middle elementor-section-boxed elementor-section-height-default elementor-section-height-default\" data-id=\"03a1866\" data-element_type=\"section\" data-settings=\"{&quot;stretch_section&quot;:&quot;section-stretched&quot;,&quot;background_background&quot;:&quot;classic&quot;}\">\n\t\t\t\t\t\t<div class=\"elementor-container elementor-column-gap-default\">\n\t\t\t\t\t<div class=\"elementor-column elementor-col-50 elementor-top-column elementor-element elementor-element-92e2ad1\" data-id=\"92e2ad1\" data-element_type=\"column\">\n\t\t\t<div class=\"elementor-widget-wrap elementor-element-populated\">\n\t\t\t\t\t\t<div class=\"elementor-element elementor-element-980859f elementor-widget elementor-widget-text-editor\" data-id=\"980859f\" data-element_type=\"widget\" data-widget_type=\"text-editor.default\">\n\t\t\t\t<div class=\"elementor-widget-container\">\n\t\t\t\t\t\t\t<p><strong>THE SOILS<\/strong><\/p><p>To the north, the vineyards are covered in silt formed by sands with hints of clay that produce ripe fruit with a low alcohol content and good acidity. Moving southwards, the marls appear, made up of clay and limestone, which produce wines with a higher alcohol content that are balanced and age with good complexity.<\/p>\t\t\t\t\t\t<\/div>\n\t\t\t\t<\/div>\n\t\t\t\t\t<\/div>\n\t\t<\/div>\n\t\t\t\t<div class=\"elementor-column elementor-col-50 elementor-top-column elementor-element elementor-element-f3f8d4c\" data-id=\"f3f8d4c\" data-element_type=\"column\">\n\t\t\t<div class=\"elementor-widget-wrap elementor-element-populated\">\n\t\t\t\t\t\t<div class=\"elementor-element elementor-element-704d6e3 elementor-widget elementor-widget-image\" data-id=\"704d6e3\" data-element_type=\"widget\" data-widget_type=\"image.default\">\n\t\t\t\t<div class=\"elementor-widget-container\">\n\t\t\t\t\t\t\t\t\t\t\t\t\t<img decoding=\"async\" width=\"1024\" height=\"576\" src=\"https:\/\/quatrocravos.com\/wp-content\/uploads\/2020\/12\/PositiveWine-44_B-1024x576.jpg\" class=\"attachment-large size-large wp-image-2461\" alt=\"\" srcset=\"https:\/\/quatrocravos.com\/wp-content\/uploads\/2020\/12\/PositiveWine-44_B-1024x576.jpg 1024w, https:\/\/quatrocravos.com\/wp-content\/uploads\/2020\/12\/PositiveWine-44_B-300x169.jpg 300w, https:\/\/quatrocravos.com\/wp-content\/uploads\/2020\/12\/PositiveWine-44_B-768x432.jpg 768w, https:\/\/quatrocravos.com\/wp-content\/uploads\/2020\/12\/PositiveWine-44_B-1536x864.jpg 1536w, https:\/\/quatrocravos.com\/wp-content\/uploads\/2020\/12\/PositiveWine-44_B-18x10.jpg 18w, https:\/\/quatrocravos.com\/wp-content\/uploads\/2020\/12\/PositiveWine-44_B-940x529.jpg 940w, https:\/\/quatrocravos.com\/wp-content\/uploads\/2020\/12\/PositiveWine-44_B.jpg 1600w\" sizes=\"(max-width: 1024px) 100vw, 1024px\" \/>\t\t\t\t\t\t\t\t\t\t\t\t\t<\/div>\n\t\t\t\t<\/div>\n\t\t\t\t\t<\/div>\n\t\t<\/div>\n\t\t\t\t\t<\/div>\n\t\t<\/section>\n\t\t\t\t<section class=\"elementor-section elementor-top-section elementor-element elementor-element-6caab4d elementor-section-stretched elementor-section-boxed elementor-section-height-default elementor-section-height-default\" data-id=\"6caab4d\" data-element_type=\"section\" data-settings=\"{&quot;stretch_section&quot;:&quot;section-stretched&quot;,&quot;background_background&quot;:&quot;classic&quot;}\">\n\t\t\t\t\t\t<div class=\"elementor-container elementor-column-gap-default\">\n\t\t\t\t\t<div class=\"elementor-column elementor-col-100 elementor-top-column elementor-element elementor-element-4b2c212\" data-id=\"4b2c212\" data-element_type=\"column\">\n\t\t\t<div class=\"elementor-widget-wrap elementor-element-populated\">\n\t\t\t\t\t\t<div class=\"elementor-element elementor-element-0677fce elementor-widget elementor-widget-heading\" data-id=\"0677fce\" data-element_type=\"widget\" data-widget_type=\"heading.default\">\n\t\t\t\t<div class=\"elementor-widget-container\">\n\t\t\t<h5 class=\"elementor-heading-title elementor-size-default\">the grape varieties of bairrada<\/h5>\t\t<\/div>\n\t\t\t\t<\/div>\n\t\t\t\t<section class=\"elementor-section elementor-inner-section elementor-element elementor-element-a5f9fb3 elementor-section-boxed elementor-section-height-default elementor-section-height-default\" data-id=\"a5f9fb3\" data-element_type=\"section\">\n\t\t\t\t\t\t<div class=\"elementor-container elementor-column-gap-default\">\n\t\t\t\t\t<div class=\"elementor-column elementor-col-50 elementor-inner-column elementor-element elementor-element-2bd3687\" data-id=\"2bd3687\" data-element_type=\"column\">\n\t\t\t<div class=\"elementor-widget-wrap elementor-element-populated\">\n\t\t\t\t\t\t<div class=\"elementor-element elementor-element-cccd43d elementor-widget elementor-widget-spacer\" data-id=\"cccd43d\" data-element_type=\"widget\" data-widget_type=\"spacer.default\">\n\t\t\t\t<div class=\"elementor-widget-container\">\n\t\t\t\t\t<div class=\"elementor-spacer\">\n\t\t\t<div class=\"elementor-spacer-inner\"><\/div>\n\t\t<\/div>\n\t\t\t\t<\/div>\n\t\t\t\t<\/div>\n\t\t\t\t<div class=\"elementor-element elementor-element-2550b18 elementor-widget elementor-widget-text-editor\" data-id=\"2550b18\" data-element_type=\"widget\" data-widget_type=\"text-editor.default\">\n\t\t\t\t<div class=\"elementor-widget-container\">\n\t\t\t\t\t\t\t<p><strong>OUR WHITE GRAPE VARIETIES<\/strong><\/p><p>The <strong>Bical variety<\/strong> is the white grape variety best represented in our vineyards. The grapes produce particularly soft, fresh, persistent and well-structured wines. In clay-limestone areas they produce wines with aromatic notes of peach or apricot and, when the grapes ripen perfectly, mineral notes of tropical fruit develop.<\/p><p>The\u00a0<strong>Maria-Gomes variety<\/strong> produces grapes in abundance on the sandier soils of the Bairradino coast and has some expression in our vineyards. It produces white wines with a good alcohol content, low acidity and an intense aroma of citrus fruits, alternating between lime and lemon, mandarin and orange, with hints of aromatic herbs.<\/p><p>The grapes from\u00a0<strong>Arinto variety<\/strong> they produce vibrant wines with lively acidity, refreshing and mineral, with a perfect balance between alcohol and acidity on the one hand and fruity and citrus flavours on the other. The grapes of this variety have a strong presence in our vineyards and provide the wines with a great ageing potential that translates into an interesting evolution in the first year of life, retaining this aromatic complexity for three or more years. It is the winemaker's favourite variety for making wines that characterise the house - complex white wines with ageing capacity.<\/p><p>The grapes from\u00a0<strong>Cercial variety<\/strong>\u00a0are present in some of our vineyards and are used to produce\u00a0<em>blends<\/em>\u00a0in order to obtain more harmonious, full-bodied wines with a pronounced mineral acidity and also to enhance them with their delicate fruity aromas.<\/p>\t\t\t\t\t\t<\/div>\n\t\t\t\t<\/div>\n\t\t\t\t<div class=\"elementor-element elementor-element-06bb55d elementor-widget elementor-widget-spacer\" data-id=\"06bb55d\" data-element_type=\"widget\" data-widget_type=\"spacer.default\">\n\t\t\t\t<div class=\"elementor-widget-container\">\n\t\t\t\t\t<div class=\"elementor-spacer\">\n\t\t\t<div class=\"elementor-spacer-inner\"><\/div>\n\t\t<\/div>\n\t\t\t\t<\/div>\n\t\t\t\t<\/div>\n\t\t\t\t\t<\/div>\n\t\t<\/div>\n\t\t\t\t<div class=\"elementor-column elementor-col-50 elementor-inner-column elementor-element elementor-element-e516374\" data-id=\"e516374\" data-element_type=\"column\">\n\t\t\t<div class=\"elementor-widget-wrap elementor-element-populated\">\n\t\t\t\t\t\t<div class=\"elementor-element elementor-element-1fdf9eb elementor-widget elementor-widget-spacer\" data-id=\"1fdf9eb\" data-element_type=\"widget\" data-widget_type=\"spacer.default\">\n\t\t\t\t<div class=\"elementor-widget-container\">\n\t\t\t\t\t<div class=\"elementor-spacer\">\n\t\t\t<div class=\"elementor-spacer-inner\"><\/div>\n\t\t<\/div>\n\t\t\t\t<\/div>\n\t\t\t\t<\/div>\n\t\t\t\t<div class=\"elementor-element elementor-element-0a8531e elementor-widget elementor-widget-image\" data-id=\"0a8531e\" data-element_type=\"widget\" data-widget_type=\"image.default\">\n\t\t\t\t<div class=\"elementor-widget-container\">\n\t\t\t\t\t\t\t\t\t\t\t\t\t<img decoding=\"async\" width=\"864\" height=\"648\" src=\"https:\/\/quatrocravos.com\/wp-content\/uploads\/2020\/12\/DSC08700.jpg\" class=\"attachment-large size-large wp-image-2459\" alt=\"\" srcset=\"https:\/\/quatrocravos.com\/wp-content\/uploads\/2020\/12\/DSC08700.jpg 864w, https:\/\/quatrocravos.com\/wp-content\/uploads\/2020\/12\/DSC08700-300x225.jpg 300w, https:\/\/quatrocravos.com\/wp-content\/uploads\/2020\/12\/DSC08700-768x576.jpg 768w, https:\/\/quatrocravos.com\/wp-content\/uploads\/2020\/12\/DSC08700-16x12.jpg 16w\" sizes=\"(max-width: 864px) 100vw, 864px\" \/>\t\t\t\t\t\t\t\t\t\t\t\t\t<\/div>\n\t\t\t\t<\/div>\n\t\t\t\t\t<\/div>\n\t\t<\/div>\n\t\t\t\t\t<\/div>\n\t\t<\/section>\n\t\t\t\t<section class=\"elementor-section elementor-inner-section elementor-element elementor-element-0cdf21e elementor-section-boxed elementor-section-height-default elementor-section-height-default\" data-id=\"0cdf21e\" data-element_type=\"section\">\n\t\t\t\t\t\t<div class=\"elementor-container elementor-column-gap-default\">\n\t\t\t\t\t<div class=\"elementor-column elementor-col-50 elementor-inner-column elementor-element elementor-element-6456ab9\" data-id=\"6456ab9\" data-element_type=\"column\">\n\t\t\t<div class=\"elementor-widget-wrap elementor-element-populated\">\n\t\t\t\t\t\t<div class=\"elementor-element elementor-element-4847d5f elementor-widget elementor-widget-spacer\" data-id=\"4847d5f\" data-element_type=\"widget\" data-widget_type=\"spacer.default\">\n\t\t\t\t<div class=\"elementor-widget-container\">\n\t\t\t\t\t<div class=\"elementor-spacer\">\n\t\t\t<div class=\"elementor-spacer-inner\"><\/div>\n\t\t<\/div>\n\t\t\t\t<\/div>\n\t\t\t\t<\/div>\n\t\t\t\t<div class=\"elementor-element elementor-element-acafdb9 elementor-widget elementor-widget-text-editor\" data-id=\"acafdb9\" data-element_type=\"widget\" data-widget_type=\"text-editor.default\">\n\t\t\t\t<div class=\"elementor-widget-container\">\n\t\t\t\t\t\t\t<p><strong>OUR RED GRAPE VARIETIES<br \/><\/strong><\/p><p><strong>Baga<\/strong> - is the region's traditional red grape variety and is responsible for Bairrada's best wines. Baga is vigorous and produces wines full of colour, with wild berry fruit and black plum, with notes of coffee, dried grass, tobacco and smoke, very rich in magnificent tannins when it reaches full ripeness and with enormous potential for bottle ageing. In the less clay-rich soils to the north, the low alcohol content associated with full maturity, perfect acidity and delicate skin with little colour make for extraordinary \"blancs de noirs\" sparkling wines.<\/p><p><strong>Touriga Nacional\u00a0<\/strong>- give rise to wines with marked acidity and good ageing capacity. The thick skin, rich in colouring matter, produces intense, deep colours. They have a soft, warm aroma with hints of violet, making them pleasant wines to drink, very balanced and with excellent ageing capacity. The main flavour is of very ripe, sweet red fruits.<\/p><p><strong>Tinta Roriz\u00a0<\/strong>- offers wines that combine elegance and robustness, with a well-structured body, intense aromas reminiscent of red fruits and plums, a violet ruby colour, good acidity, a complex and very pleasant palate. When Tinta Roriz is matured in oak, it can have notes of coffee, tobacco and wood, in a discreet and subtle way.<\/p>\t\t\t\t\t\t<\/div>\n\t\t\t\t<\/div>\n\t\t\t\t<div class=\"elementor-element elementor-element-614aa31 elementor-widget elementor-widget-spacer\" data-id=\"614aa31\" data-element_type=\"widget\" data-widget_type=\"spacer.default\">\n\t\t\t\t<div class=\"elementor-widget-container\">\n\t\t\t\t\t<div class=\"elementor-spacer\">\n\t\t\t<div class=\"elementor-spacer-inner\"><\/div>\n\t\t<\/div>\n\t\t\t\t<\/div>\n\t\t\t\t<\/div>\n\t\t\t\t\t<\/div>\n\t\t<\/div>\n\t\t\t\t<div class=\"elementor-column elementor-col-50 elementor-inner-column elementor-element elementor-element-e50143b\" data-id=\"e50143b\" data-element_type=\"column\">\n\t\t\t<div class=\"elementor-widget-wrap elementor-element-populated\">\n\t\t\t\t\t\t<div class=\"elementor-element elementor-element-ec4f50f elementor-widget elementor-widget-spacer\" data-id=\"ec4f50f\" data-element_type=\"widget\" data-widget_type=\"spacer.default\">\n\t\t\t\t<div class=\"elementor-widget-container\">\n\t\t\t\t\t<div class=\"elementor-spacer\">\n\t\t\t<div class=\"elementor-spacer-inner\"><\/div>\n\t\t<\/div>\n\t\t\t\t<\/div>\n\t\t\t\t<\/div>\n\t\t\t\t<div class=\"elementor-element elementor-element-253ca1f elementor-widget elementor-widget-image\" data-id=\"253ca1f\" data-element_type=\"widget\" data-widget_type=\"image.default\">\n\t\t\t\t<div class=\"elementor-widget-container\">\n\t\t\t\t\t\t\t\t\t\t\t\t\t<img loading=\"lazy\" decoding=\"async\" width=\"864\" height=\"576\" src=\"https:\/\/quatrocravos.com\/wp-content\/uploads\/2020\/12\/PositiveWine-35-1.jpg\" class=\"attachment-large size-large wp-image-2442\" alt=\"\" srcset=\"https:\/\/quatrocravos.com\/wp-content\/uploads\/2020\/12\/PositiveWine-35-1.jpg 864w, https:\/\/quatrocravos.com\/wp-content\/uploads\/2020\/12\/PositiveWine-35-1-300x200.jpg 300w, https:\/\/quatrocravos.com\/wp-content\/uploads\/2020\/12\/PositiveWine-35-1-768x512.jpg 768w, https:\/\/quatrocravos.com\/wp-content\/uploads\/2020\/12\/PositiveWine-35-1-18x12.jpg 18w\" sizes=\"(max-width: 864px) 100vw, 864px\" \/>\t\t\t\t\t\t\t\t\t\t\t\t\t<\/div>\n\t\t\t\t<\/div>\n\t\t\t\t\t<\/div>\n\t\t<\/div>\n\t\t\t\t\t<\/div>\n\t\t<\/section>\n\t\t\t\t<div class=\"elementor-element elementor-element-b45b237 elementor-widget elementor-widget-spacer\" data-id=\"b45b237\" data-element_type=\"widget\" data-widget_type=\"spacer.default\">\n\t\t\t\t<div class=\"elementor-widget-container\">\n\t\t\t\t\t<div class=\"elementor-spacer\">\n\t\t\t<div class=\"elementor-spacer-inner\"><\/div>\n\t\t<\/div>\n\t\t\t\t<\/div>\n\t\t\t\t<\/div>\n\t\t\t\t\t<\/div>\n\t\t<\/div>\n\t\t\t\t\t<\/div>\n\t\t<\/section>\n\t\t\t\t<section class=\"elementor-section elementor-top-section elementor-element elementor-element-538491e elementor-section-stretched elementor-section-content-middle elementor-section-boxed elementor-section-height-default elementor-section-height-default\" data-id=\"538491e\" data-element_type=\"section\" data-settings=\"{&quot;stretch_section&quot;:&quot;section-stretched&quot;,&quot;background_background&quot;:&quot;classic&quot;}\">\n\t\t\t\t\t\t<div class=\"elementor-container elementor-column-gap-default\">\n\t\t\t\t\t<div class=\"elementor-column elementor-col-100 elementor-top-column elementor-element elementor-element-c884445\" data-id=\"c884445\" data-element_type=\"column\">\n\t\t\t<div class=\"elementor-widget-wrap elementor-element-populated\">\n\t\t\t\t\t\t<section class=\"elementor-section elementor-inner-section elementor-element elementor-element-a62bb50 elementor-section-boxed elementor-section-height-default elementor-section-height-default\" data-id=\"a62bb50\" data-element_type=\"section\">\n\t\t\t\t\t\t<div class=\"elementor-container elementor-column-gap-default\">\n\t\t\t\t\t<div class=\"elementor-column elementor-col-50 elementor-inner-column elementor-element elementor-element-6ac3bec\" data-id=\"6ac3bec\" data-element_type=\"column\">\n\t\t\t<div class=\"elementor-widget-wrap elementor-element-populated\">\n\t\t\t\t\t\t<div class=\"elementor-element elementor-element-da6b5a5 elementor-widget elementor-widget-heading\" data-id=\"da6b5a5\" data-element_type=\"widget\" data-widget_type=\"heading.default\">\n\t\t\t\t<div class=\"elementor-widget-container\">\n\t\t\t<h4 class=\"elementor-heading-title elementor-size-default\">Subscribe to the Newsletter<\/h4>\t\t<\/div>\n\t\t\t\t<\/div>\n\t\t\t\t<div class=\"elementor-element elementor-element-457a828 elementor-widget elementor-widget-text-editor\" data-id=\"457a828\" data-element_type=\"widget\" data-widget_type=\"text-editor.default\">\n\t\t\t\t<div class=\"elementor-widget-container\">\n\t\t\t\t\t\t\t<p>Receive all our news in your e-mail.<\/p>\t\t\t\t\t\t<\/div>\n\t\t\t\t<\/div>\n\t\t\t\t\t<\/div>\n\t\t<\/div>\n\t\t\t\t<div class=\"elementor-column elementor-col-50 elementor-inner-column elementor-element elementor-element-9247153\" data-id=\"9247153\" data-element_type=\"column\">\n\t\t\t<div class=\"elementor-widget-wrap elementor-element-populated\">\n\t\t\t\t\t\t<div class=\"elementor-element elementor-element-3cdf36b elementor-widget elementor-widget-html\" data-id=\"3cdf36b\" data-element_type=\"widget\" data-widget_type=\"html.default\">\n\t\t\t\t<div class=\"elementor-widget-container\">\n\t\t\t<div class=\"wpb_wrapper\">\r\n\t\t\t<script>(function() {\r\n\twindow.mc4wp = window.mc4wp || {\r\n\t\tlisteners: [],\r\n\t\tforms: {\r\n\t\t\ton: function(evt, cb) {\r\n\t\t\t\twindow.mc4wp.listeners.push(\r\n\t\t\t\t\t{\r\n\t\t\t\t\t\tevent   : evt,\r\n\t\t\t\t\t\tcallback: cb\r\n\t\t\t\t\t}\r\n\t\t\t\t);\r\n\t\t\t}\r\n\t\t}\r\n\t}\r\n})();\r\n<\/script><!-- Mailchimp for WordPress v4.8 - https:\/\/adegacravo.pt\/\/adegacravo.pt\/\/wordpress.org\/plugins\/mailchimp-for-wp\/ --><form id=\"mc4wp-form-1\" class=\"mc4wp-form mc4wp-form-624\" method=\"post\" data-id=\"624\" data-name=\"form1\" action=\"\"><div class=\"mc4wp-form-fields\"><div class=\"sc_emailer\">    \r\n    <input type=\"email\" name=\"EMAIL\" placeholder=\"E-mail\" required=\"\" class=\"sc_emailer_input\" autocomplete=\"off\">\r\n    <button type=\"submit\" class=\"sc_emailer_button icon-arrow\"><\/button>  \t\r\n<\/div>\r\n<\/div><label style=\"display: none !important;\">Leave this field empty if you're human: <input type=\"text\" name=\"_mc4wp_honeypot\" value=\"\" tabindex=\"-1\" autocomplete=\"off\"><\/label><input type=\"hidden\" name=\"_mc4wp_timestamp\" value=\"1596447113\"><input type=\"hidden\" name=\"_mc4wp_form_id\" value=\"624\"><input type=\"hidden\" name=\"_mc4wp_form_element_id\" value=\"mc4wp-form-1\"><div class=\"mc4wp-response\"><\/div><input type=\"hidden\" name=\"trp-form-language\" value=\"en\"\/><\/form><!-- \/ Mailchimp for WordPress Plugin -->\r\n\r\n\t\t<\/div>\t\t<\/div>\n\t\t\t\t<\/div>\n\t\t\t\t\t<\/div>\n\t\t<\/div>\n\t\t\t\t\t<\/div>\n\t\t<\/section>\n\t\t\t\t\t<\/div>\n\t\t<\/div>\n\t\t\t\t\t<\/div>\n\t\t<\/section>\n\t\t\t\t<\/div>","protected":false},"excerpt":{"rendered":"<p>As castas tintas mais plantadas nas nossas vinhas s\u00e3o Baga, Touriga Nacional, Tinta Roriz e Castel\u00e3o. As castas brancas mais plantadas nas nossas vinhas s\u00e3o Bical, Maria-Gomes, Arinto e Cercial. AS VINHAS As vinhas das nossas adegas localizam-se na Bairrada, entre a serra do Bu\u00e7aco e as praias do litoral atl\u00e2ntico, percorrendo um arco, de [&hellip;]<\/p>","protected":false},"author":990004,"featured_media":0,"parent":0,"menu_order":0,"comment_status":"closed","ping_status":"closed","template":"","meta":{"footnotes":""},"_links":{"self":[{"href":"https:\/\/quatrocravos.com\/en\/wp-json\/wp\/v2\/pages\/1145"}],"collection":[{"href":"https:\/\/quatrocravos.com\/en\/wp-json\/wp\/v2\/pages"}],"about":[{"href":"https:\/\/quatrocravos.com\/en\/wp-json\/wp\/v2\/types\/page"}],"author":[{"embeddable":true,"href":"https:\/\/quatrocravos.com\/en\/wp-json\/wp\/v2\/users\/990004"}],"replies":[{"embeddable":true,"href":"https:\/\/quatrocravos.com\/en\/wp-json\/wp\/v2\/comments?post=1145"}],"version-history":[{"count":97,"href":"https:\/\/quatrocravos.com\/en\/wp-json\/wp\/v2\/pages\/1145\/revisions"}],"predecessor-version":[{"id":5654,"href":"https:\/\/quatrocravos.com\/en\/wp-json\/wp\/v2\/pages\/1145\/revisions\/5654"}],"wp:attachment":[{"href":"https:\/\/quatrocravos.com\/en\/wp-json\/wp\/v2\/media?parent=1145"}],"curies":[{"name":"wp","href":"https:\/\/api.w.org\/{rel}","templated":true}]}}